{"id":94,"date":"2024-01-31T20:23:46","date_gmt":"2024-01-31T23:23:46","guid":{"rendered":"https:\/\/extratonutri.com.br\/?post_type=product&#038;p=94"},"modified":"2024-12-09T17:19:51","modified_gmt":"2024-12-09T20:19:51","slug":"sabonete-intimo-barbatimao-e-aroeira","status":"publish","type":"product","link":"https:\/\/extratonutri.com.br\/index.php\/product\/sabonete-intimo-barbatimao-e-aroeira\/","title":{"rendered":"Sabonete intimo  barbatim\u00e3o e Aroeira"},"content":{"rendered":"<p>O Sabonete \u00cdntimo Aromas do Brasil Barbatim\u00e3o Bio Instinto possui formula\u00e7\u00e3o 0% Parabenos, 0% Alerg\u00eanicos, e com um sistema de pH Control, que mant\u00e9m o pH \u00edntimo equilibrado por 24 horas.Sua f\u00f3rmula \u00e9 aprovada por M\u00e9dicos Dermatologista e Ginecologista, desenvolvido para acompanhar o dinamismo da mulher brasileira diariamente, durante o per\u00edodo menstrual e ap\u00f3s depila\u00e7\u00f5es.\u2022 0% Parabenos \u2022 0% Alerg\u00eanicos \u2022 0% Sal \u2022\u00a0\u00a0\u00a0\u00a0INDICA\u00c7\u00d5ESIdeal para o uso di\u00e1rio, durante o per\u00edodo menstrual e ap\u00f3s depila\u00e7\u00f5es.INFORMA\u00c7\u00d5ESApenas para \u00f3rg\u00e3os genitais externos. N\u00e3o aplicar pr\u00f3ximo aos olhos e\/ou em locais onde a pele estiver lesionada ou irritada. Em caso de irrita\u00e7\u00e3o descontinue o uso e procure orienta\u00e7\u00e3o m\u00e9dica. Para o uso do produto durante a gravidez, consulte um m\u00e9dico. Este produto foi formulado de maneira a minimizar poss\u00edvel surgimento de alergia. O excesso do uso do produto pode ser uma fonte de irrita\u00e7\u00e3o genital. Conservar em temperatura ambiente, em local fresco e longe da luz solar. \u00a0 Mantenha fora do alcance de crian\u00e7as e animais dom\u00e9sticos.MODO DE USOAplique o Sabonete \u00cdntimo Aromas do Brasil Barbatim\u00e3o Bio Instinto na regi\u00e3o genital externa com movimentos suaves at\u00e9 obter espuma e enx\u00e1gue em seguida.FINALIDADEADVERT\u00caNCIAS E RESTRI\u00c7\u00d5ESN\u00b0 DE PROCESSO &#8211; ANVISACOMPOSI\u00c7\u00c3OAqua, CI 19140, CI 42090, CI 16255, CI 16185, CI 15510, Citric Acid, Cocamide Dea, Cocamidopropyl Betaine, Disodium EDTA, DMDM Hydantoin, Menthol, Methylisothiazolinone, Parfum, Peg-150 Distearate, Schinus Terebinthifolius Seed Extract, Sodium Laureth Sulfate, Stryphnodendron Adstringens Bark Extract.<\/p>\n","protected":false},"excerpt":{"rendered":"<p>O Sabonete \u00cdntimo Aromas do Brasil Barbatim\u00e3o Bio Instinto possui formula\u00e7\u00e3o 0% Parabenos, 0% Alerg\u00eanicos, e com um sistema de pH Control, que mant\u00e9m o pH \u00edntimo equilibrado por 24 horas.Sua f\u00f3rmula \u00e9 aprovada por M\u00e9dicos Dermatologista e Ginecologista, desenvolvido para acompanhar o dinamismo da mulher brasileira diariamente, durante o per\u00edodo menstrual e ap\u00f3s depila\u00e7\u00f5es.\u2022 [&hellip;]<\/p>\n","protected":false},"featured_media":95,"comment_status":"open","ping_status":"closed","template":"","meta":{"om_disable_all_campaigns":false,"_monsterinsights_skip_tracking":false,"_monsterinsights_sitenote_active":false,"_monsterinsights_sitenote_note":"","_monsterinsights_sitenote_category":0,"_uf_show_specific_survey":0,"_uf_disable_surveys":false},"product_cat":[15],"product_tag":[],"aioseo_notices":[],"jetpack_sharing_enabled":true,"_links":{"self":[{"href":"https:\/\/extratonutri.com.br\/index.php\/wp-json\/wp\/v2\/product\/94"}],"collection":[{"href":"https:\/\/extratonutri.com.br\/index.php\/wp-json\/wp\/v2\/product"}],"about":[{"href":"https:\/\/extratonutri.com.br\/index.php\/wp-json\/wp\/v2\/types\/product"}],"replies":[{"embeddable":true,"href":"https:\/\/extratonutri.com.br\/index.php\/wp-json\/wp\/v2\/comments?post=94"}],"wp:featuredmedia":[{"embeddable":true,"href":"https:\/\/extratonutri.com.br\/index.php\/wp-json\/wp\/v2\/media\/95"}],"wp:attachment":[{"href":"https:\/\/extratonutri.com.br\/index.php\/wp-json\/wp\/v2\/media?parent=94"}],"wp:term":[{"taxonomy":"product_cat","embeddable":true,"href":"https:\/\/extratonutri.com.br\/index.php\/wp-json\/wp\/v2\/product_cat?post=94"},{"taxonomy":"product_tag","embeddable":true,"href":"https:\/\/extratonutri.com.br\/index.php\/wp-json\/wp\/v2\/product_tag?post=94"}],"curies":[{"name":"wp","href":"https:\/\/api.w.org\/{rel}","templated":true}]}}