{"id":840,"date":"2024-12-12T15:55:45","date_gmt":"2024-12-12T18:55:45","guid":{"rendered":"https:\/\/extratonutri.com.br\/?post_type=product&#038;p=840"},"modified":"2024-12-18T17:47:29","modified_gmt":"2024-12-18T20:47:29","slug":"sabonete-de-porcelana-100-original","status":"publish","type":"product","link":"https:\/\/extratonutri.com.br\/index.php\/product\/sabonete-de-porcelana-100-original\/","title":{"rendered":"Sabonete de porcelana 100% original."},"content":{"rendered":"<p>Sabonete de Porcelana Dolomita C\u00f3digo Sabonete de Porcelana Dolomita 90g \u2013 Grupo Rocha Sa\u00fade Peso: 90g Informa\u00e7\u00f5es e Beneficios: Extra\u00edda de rochas Calc\u00e1rias, \u00e9 composta basicamente de Carbonato de C\u00e1lcio e Magn\u00e9sio, depois de extra\u00edda ela passa por um processo de purifica\u00e7\u00e3o para que possa ser eliminado vest\u00edgios de metais pesados. De cor branca, \u00e9 muito parecida com uma argila, ela se difere pela sua textura muito fina o facilita a absor\u00e7\u00e3o na pele. Modo de usar: Aplicar no corpo molhado com movimentos circulares at\u00e9 fazer espuma e limpar. Enxaguar com abundante \u00e1gua.<\/p>\n","protected":false},"excerpt":{"rendered":"<p>Sabonete de Porcelana Dolomita C\u00f3digo Sabonete de Porcelana Dolomita 90g \u2013 Grupo Rocha Sa\u00fade Peso: 90g Informa\u00e7\u00f5es e Beneficios: Extra\u00edda de rochas Calc\u00e1rias, \u00e9 composta basicamente de Carbonato de C\u00e1lcio e Magn\u00e9sio, depois de extra\u00edda ela passa por um processo de purifica\u00e7\u00e3o para que possa ser eliminado vest\u00edgios de metais pesados. De cor branca, \u00e9 [&hellip;]<\/p>\n","protected":false},"featured_media":843,"comment_status":"open","ping_status":"closed","template":"","meta":{"om_disable_all_campaigns":false,"_monsterinsights_skip_tracking":false,"_monsterinsights_sitenote_active":false,"_monsterinsights_sitenote_note":"","_monsterinsights_sitenote_category":0,"_uf_show_specific_survey":0,"_uf_disable_surveys":false},"product_cat":[15],"product_tag":[],"aioseo_notices":[],"jetpack_sharing_enabled":true,"_links":{"self":[{"href":"https:\/\/extratonutri.com.br\/index.php\/wp-json\/wp\/v2\/product\/840"}],"collection":[{"href":"https:\/\/extratonutri.com.br\/index.php\/wp-json\/wp\/v2\/product"}],"about":[{"href":"https:\/\/extratonutri.com.br\/index.php\/wp-json\/wp\/v2\/types\/product"}],"replies":[{"embeddable":true,"href":"https:\/\/extratonutri.com.br\/index.php\/wp-json\/wp\/v2\/comments?post=840"}],"wp:featuredmedia":[{"embeddable":true,"href":"https:\/\/extratonutri.com.br\/index.php\/wp-json\/wp\/v2\/media\/843"}],"wp:attachment":[{"href":"https:\/\/extratonutri.com.br\/index.php\/wp-json\/wp\/v2\/media?parent=840"}],"wp:term":[{"taxonomy":"product_cat","embeddable":true,"href":"https:\/\/extratonutri.com.br\/index.php\/wp-json\/wp\/v2\/product_cat?post=840"},{"taxonomy":"product_tag","embeddable":true,"href":"https:\/\/extratonutri.com.br\/index.php\/wp-json\/wp\/v2\/product_tag?post=840"}],"curies":[{"name":"wp","href":"https:\/\/api.w.org\/{rel}","templated":true}]}}