{"id":794,"date":"2024-12-09T23:04:19","date_gmt":"2024-12-10T02:04:19","guid":{"rendered":"https:\/\/extratonutri.com.br\/?post_type=product&#038;p=794"},"modified":"2024-12-09T23:12:55","modified_gmt":"2024-12-10T02:12:55","slug":"sabonete-liquido-intimo-100-original","status":"publish","type":"product","link":"https:\/\/extratonutri.com.br\/index.php\/product\/sabonete-liquido-intimo-100-original\/","title":{"rendered":"Sabonete l\u00edquido \u00edntimo 100% original."},"content":{"rendered":"<p>SABONETE \u00cdNTIMO AROMAS DO BRASIL 15 ERVAS 200ML BIO INSTINTO O sabonete \u00edntimo feminino Aromas do Brasil possui composi\u00e7\u00e3o suave, hipoalerg\u00eanica e ginecologicamente testada. F\u00f3rmula enriquecida com extratos vegetais e agentes de limpeza delicadamente selecionados para higiene \u00edntima di\u00e1ria. INDICA\u00c7\u00d5ES Ideal para o uso di\u00e1rio, durante o per\u00edodo menstrual e ap\u00f3s depila\u00e7\u00f5es. MODO DE USO Aplique o sabonete \u00edntimo Aromas do Brasil na regi\u00e3o genital externa, com movimentos suaves, at\u00e9 obter espuma. Enx\u00e1gue em seguida. INFORMA\u00c7\u00d5ES Este produto possui f\u00f3rmula ginecologicamente testada e aprovada; Restrito ao uso por gestantes; Aplique somente na regi\u00e3o externa do \u00f3rg\u00e3o genital; N\u00e3o aplique pr\u00f3ximo aos olhos; N\u00e3o aplicar em locais onde a pele estiver lesionada, irritada; O excesso do produto pode ser fonte de irrita\u00e7\u00e3o genital; Em caso de irrita\u00e7\u00e3o, suspender o uso e procurar a orienta\u00e7\u00e3o m\u00e9dica.<\/p>\n","protected":false},"excerpt":{"rendered":"<p>SABONETE \u00cdNTIMO AROMAS DO BRASIL 15 ERVAS 200ML BIO INSTINTO O sabonete \u00edntimo feminino Aromas do Brasil possui composi\u00e7\u00e3o suave, hipoalerg\u00eanica e ginecologicamente testada. F\u00f3rmula enriquecida com extratos vegetais e agentes de limpeza delicadamente selecionados para higiene \u00edntima di\u00e1ria. INDICA\u00c7\u00d5ES Ideal para o uso di\u00e1rio, durante o per\u00edodo menstrual e ap\u00f3s depila\u00e7\u00f5es. MODO DE USO [&hellip;]<\/p>\n","protected":false},"featured_media":795,"comment_status":"open","ping_status":"closed","template":"","meta":{"om_disable_all_campaigns":false,"_monsterinsights_skip_tracking":false,"_monsterinsights_sitenote_active":false,"_monsterinsights_sitenote_note":"","_monsterinsights_sitenote_category":0,"_uf_show_specific_survey":0,"_uf_disable_surveys":false},"product_cat":[15],"product_tag":[],"aioseo_notices":[],"jetpack_sharing_enabled":true,"_links":{"self":[{"href":"https:\/\/extratonutri.com.br\/index.php\/wp-json\/wp\/v2\/product\/794"}],"collection":[{"href":"https:\/\/extratonutri.com.br\/index.php\/wp-json\/wp\/v2\/product"}],"about":[{"href":"https:\/\/extratonutri.com.br\/index.php\/wp-json\/wp\/v2\/types\/product"}],"replies":[{"embeddable":true,"href":"https:\/\/extratonutri.com.br\/index.php\/wp-json\/wp\/v2\/comments?post=794"}],"wp:featuredmedia":[{"embeddable":true,"href":"https:\/\/extratonutri.com.br\/index.php\/wp-json\/wp\/v2\/media\/795"}],"wp:attachment":[{"href":"https:\/\/extratonutri.com.br\/index.php\/wp-json\/wp\/v2\/media?parent=794"}],"wp:term":[{"taxonomy":"product_cat","embeddable":true,"href":"https:\/\/extratonutri.com.br\/index.php\/wp-json\/wp\/v2\/product_cat?post=794"},{"taxonomy":"product_tag","embeddable":true,"href":"https:\/\/extratonutri.com.br\/index.php\/wp-json\/wp\/v2\/product_tag?post=794"}],"curies":[{"name":"wp","href":"https:\/\/api.w.org\/{rel}","templated":true}]}}