{"id":791,"date":"2024-12-09T22:23:43","date_gmt":"2024-12-10T01:23:43","guid":{"rendered":"https:\/\/extratonutri.com.br\/?post_type=product&#038;p=791"},"modified":"2024-12-09T22:56:04","modified_gmt":"2024-12-10T01:56:04","slug":"skin-care-kit-facial-acne-100-original","status":"publish","type":"product","link":"https:\/\/extratonutri.com.br\/index.php\/product\/skin-care-kit-facial-acne-100-original\/","title":{"rendered":"Skin Care kit facial Acne 100% original."},"content":{"rendered":"<div>Rhenuks Skin Care &#8211; Kit Facial Anti Acne Uso Di\u00e1rio (4 Produtos)<br \/>Descri\u00e7\u00e3o Ficha T\u00e9cnica Rhenuks Skin Care &#8211; Kit Facial Anti Acne Uso Di\u00e1rio (4 Produtos) C\u00f3digo Rhenuks Skin Care &#8211; Kit Facial Anti Acne Uso Di\u00e1rio (4 Produtos) O Kit Skin Care Anti &#8211; Acne Rhenuks traz a solu\u00e7\u00e3o de limpeza para face, l\u00e1bios e olhos. LIMPA, DEMAQUILA, PURIFICA, SUAVIZA, REEQUILIBRA.Cont\u00e9m 1 &#8211; \u00c1gua Micelar 200ml 1 &#8211; Sabonete Facial 200ml 1 &#8211; Esfoliante Facial 200ml 1 &#8211; Hidratante Facial 200ml A \u00c1gua Micelar foi desenvolvida para limpeza equilibrada, removendo as impurezas sem agredir a pele. Cont\u00e9m em sua f\u00f3rmula uma delicada fragr\u00e2ncia. Pode ser utilizado todos os dias ou sempre que necess\u00e1rio. Possui uma nova tecnologia de ativos que auxiliam na limpeza da pele e tonifica\u00e7\u00e3o com efeito demaquilante. O Sabonete Facial foi desenvolvido para uma limpeza equilibrada, removendo as impurezas sem agredir a pele, cont\u00e9m em sua f\u00f3rmula extratos de ervas naturais, al\u00e9m de uma delicada fragr\u00e2ncia. Pode ser utilizado todos os dias ou sempre que necess\u00e1rio. O Esfoliante Facial foi desenvolvido para uma esfolia\u00e7\u00e3o suave e eficaz sem agredir a pele. Cont\u00e9m em sua f\u00f3rmula uma delicada fragr\u00e2ncia. Pode ser utilizado todos os dias ou sempre que necess\u00e1rio. O Hidratante Facial foi desenvolvido para nutri\u00e7\u00e3o e hidrata\u00e7\u00e3o intensa da pele, proporcionando uma pele lisa e aveludada. Cont\u00e9m em sua f\u00f3rmula uma delicada fragr\u00e2ncia. Pode ser utilizado todos os dias ou sempre que necess\u00e1rio. Ativos \u00c1cido Hialur\u00f4nico; Vitamina A.Indica\u00e7\u00e3o Para todos os tipos de pele; Dia e noite; Uso di\u00e1rio. Modo de Uso \u00c1GUA MICELAR: Aplicar em um disco de algod\u00e3o, com os olhos fechados e passar sobre o rosto em movimentos circulares para retirar a maquiagem, ou quando sentir a necessidade de uma limpeza facial. SABONETE FACIAL: Aplicar no rosto previamente umedecido em movimentos circulares 2 vezes ao dia, uma de manh\u00e3 e outra \u00e0 noite, ou quando sentir a necessidade de uma limpeza facial, ap\u00f3s a aplica\u00e7\u00e3o enxaguar com \u00e1gua em abund\u00e2ncia.<\/p>\n<p>ESFOLIANTE FACIAL: Aplicar no rosto em movimentos circulares, ap\u00f3s o uso do Sabonete Facial ou quando necessitar de esfolia\u00e7\u00e3o facial.<br \/>HIDRATANTE FACIAL: Aplicar no rosto em movimentos circulares, ap\u00f3s o uso do Esfoliante Facial ou quando necessitar de hidrata\u00e7\u00e3o facial. Tamb\u00e9m pode ser aplicado em dias que n\u00e3o utilizou ESFOLIANTE FACIAL: Aplicar no rosto em movimentos circulares, ap\u00f3s o uso do Sabonete Facial ou quando necessitar de esfolia\u00e7\u00e3o facial.<br \/>HIDRATANTE FACIAL: Aplicar no rosto em movimentos circulares, ap\u00f3s o uso do Esfoliante Facial ou quando necessitar de hidrata\u00e7\u00e3o facial. Tamb\u00e9m pode ser aplicado em dias que n\u00e3o utilizou maquiagem.<\/div>\n<div><span style=\"font-family: var(--wp--preset--font-family--system-font)\"><\/span><\/div>\n","protected":false},"excerpt":{"rendered":"<p>Rhenuks Skin Care &#8211; Kit Facial Anti Acne Uso Di\u00e1rio (4 Produtos)Descri\u00e7\u00e3o Ficha T\u00e9cnica Rhenuks Skin Care &#8211; Kit Facial Anti Acne Uso Di\u00e1rio (4 Produtos) C\u00f3digo Rhenuks Skin Care &#8211; Kit Facial Anti Acne Uso Di\u00e1rio (4 Produtos) O Kit Skin Care Anti &#8211; Acne Rhenuks traz a solu\u00e7\u00e3o de limpeza para face, l\u00e1bios [&hellip;]<\/p>\n","protected":false},"featured_media":792,"comment_status":"open","ping_status":"closed","template":"","meta":{"om_disable_all_campaigns":false,"_monsterinsights_skip_tracking":false,"_monsterinsights_sitenote_active":false,"_monsterinsights_sitenote_note":"","_monsterinsights_sitenote_category":0,"_uf_show_specific_survey":0,"_uf_disable_surveys":false},"product_cat":[15],"product_tag":[],"aioseo_notices":[],"jetpack_sharing_enabled":true,"_links":{"self":[{"href":"https:\/\/extratonutri.com.br\/index.php\/wp-json\/wp\/v2\/product\/791"}],"collection":[{"href":"https:\/\/extratonutri.com.br\/index.php\/wp-json\/wp\/v2\/product"}],"about":[{"href":"https:\/\/extratonutri.com.br\/index.php\/wp-json\/wp\/v2\/types\/product"}],"replies":[{"embeddable":true,"href":"https:\/\/extratonutri.com.br\/index.php\/wp-json\/wp\/v2\/comments?post=791"}],"wp:featuredmedia":[{"embeddable":true,"href":"https:\/\/extratonutri.com.br\/index.php\/wp-json\/wp\/v2\/media\/792"}],"wp:attachment":[{"href":"https:\/\/extratonutri.com.br\/index.php\/wp-json\/wp\/v2\/media?parent=791"}],"wp:term":[{"taxonomy":"product_cat","embeddable":true,"href":"https:\/\/extratonutri.com.br\/index.php\/wp-json\/wp\/v2\/product_cat?post=791"},{"taxonomy":"product_tag","embeddable":true,"href":"https:\/\/extratonutri.com.br\/index.php\/wp-json\/wp\/v2\/product_tag?post=791"}],"curies":[{"name":"wp","href":"https:\/\/api.w.org\/{rel}","templated":true}]}}