{"id":787,"date":"2024-12-09T22:13:31","date_gmt":"2024-12-10T01:13:31","guid":{"rendered":"https:\/\/extratonutri.com.br\/?post_type=product&#038;p=787"},"modified":"2024-12-09T22:23:05","modified_gmt":"2024-12-10T01:23:05","slug":"skin-care-anti-idade-100-original","status":"publish","type":"product","link":"https:\/\/extratonutri.com.br\/index.php\/product\/skin-care-anti-idade-100-original\/","title":{"rendered":"Skin Care Anti-idade 100% original."},"content":{"rendered":"<p>Kit Rhenuks Skin Care Vitamina C (4 Produtos) Kit de tratamento para todos os tipos de pele. Rhenuks Skin Care Vitamina C entrega cuidado di\u00e1rio para redu\u00e7\u00e3o de linhas, com uniformiza\u00e7\u00e3o da pele.O Kit Rhenuks Skin Care Vitamina C remove manchas e linhas de express\u00e3o, e promove a redu\u00e7\u00e3o de radicais livres. Cont\u00e9m: Rhenuks Skin Care &#8211; \u00c1gua Micelar 200ml: foi desenvolvida para limpeza equilibrada, removendo as impurezas sem agredir a pele. Cont\u00e9m em sua f\u00f3rmula uma delicada fragr\u00e2ncia. Pode ser utilizado todos os dias ou sempre que necess\u00e1rio. Possui uma nova tecnologia de ativos que auxiliam na limpeza da pele e tonifica\u00e7\u00e3o com efeito demaquilante. Rhenuks Skin Care &#8211; Sabonete Facial 200ml: foi desenvolvido para uma limpeza equilibrada, removendo as impurezas sem agredir a pele, cont\u00e9m em sua f\u00f3rmula extratos de ervas naturais, al\u00e9m de uma delicada fragr\u00e2ncia. Pode ser utilizado todos os dias ou sempre que necess\u00e1rio.Rhenuks Skin Care &#8211; Esfoliante Facial 200ml: foi desenvolvido para uma esfolia\u00e7\u00e3o suave e eficaz sem agredir a pele. Cont\u00e9m em sua f\u00f3rmula uma delicada fragr\u00e2ncia. Pode ser utilizado todos os dias ou sempre que necess\u00e1rio.Rhenuks Skin Care &#8211; Hidratante Facial 200ml: foi desenvolvido para nutri\u00e7\u00e3o e hidrata\u00e7\u00e3o intensa da pele, proporcionando uma pele lisa e aveludada. Cont\u00e9m em sua f\u00f3rmula uma delicada fragr\u00e2ncia. Pode ser utilizado todos os dias ou sempre que necess\u00e1rio.<\/p>\n","protected":false},"excerpt":{"rendered":"<p>Kit Rhenuks Skin Care Vitamina C (4 Produtos) Kit de tratamento para todos os tipos de pele. Rhenuks Skin Care Vitamina C entrega cuidado di\u00e1rio para redu\u00e7\u00e3o de linhas, com uniformiza\u00e7\u00e3o da pele.O Kit Rhenuks Skin Care Vitamina C remove manchas e linhas de express\u00e3o, e promove a redu\u00e7\u00e3o de radicais livres. Cont\u00e9m: Rhenuks Skin [&hellip;]<\/p>\n","protected":false},"featured_media":788,"comment_status":"open","ping_status":"closed","template":"","meta":{"om_disable_all_campaigns":false,"_monsterinsights_skip_tracking":false,"_monsterinsights_sitenote_active":false,"_monsterinsights_sitenote_note":"","_monsterinsights_sitenote_category":0,"_uf_show_specific_survey":0,"_uf_disable_surveys":false},"product_cat":[15],"product_tag":[],"aioseo_notices":[],"jetpack_sharing_enabled":true,"_links":{"self":[{"href":"https:\/\/extratonutri.com.br\/index.php\/wp-json\/wp\/v2\/product\/787"}],"collection":[{"href":"https:\/\/extratonutri.com.br\/index.php\/wp-json\/wp\/v2\/product"}],"about":[{"href":"https:\/\/extratonutri.com.br\/index.php\/wp-json\/wp\/v2\/types\/product"}],"replies":[{"embeddable":true,"href":"https:\/\/extratonutri.com.br\/index.php\/wp-json\/wp\/v2\/comments?post=787"}],"wp:featuredmedia":[{"embeddable":true,"href":"https:\/\/extratonutri.com.br\/index.php\/wp-json\/wp\/v2\/media\/788"}],"wp:attachment":[{"href":"https:\/\/extratonutri.com.br\/index.php\/wp-json\/wp\/v2\/media?parent=787"}],"wp:term":[{"taxonomy":"product_cat","embeddable":true,"href":"https:\/\/extratonutri.com.br\/index.php\/wp-json\/wp\/v2\/product_cat?post=787"},{"taxonomy":"product_tag","embeddable":true,"href":"https:\/\/extratonutri.com.br\/index.php\/wp-json\/wp\/v2\/product_tag?post=787"}],"curies":[{"name":"wp","href":"https:\/\/api.w.org\/{rel}","templated":true}]}}