{"id":780,"date":"2024-12-09T21:23:07","date_gmt":"2024-12-10T00:23:07","guid":{"rendered":"https:\/\/extratonutri.com.br\/?post_type=product&#038;p=780"},"modified":"2024-12-12T15:35:43","modified_gmt":"2024-12-12T18:35:43","slug":"curcuma-suplemento-alimentar-100-original","status":"publish","type":"product","link":"https:\/\/extratonutri.com.br\/index.php\/product\/curcuma-suplemento-alimentar-100-original\/","title":{"rendered":"C\u00farcuma suplemento alimentar 100% original."},"content":{"rendered":"<p>A C\u00farcuma \u00e9 um suplemento alimentar que atua aliviando as dores articulares, auxilia na melhora das fun\u00e7\u00f5es cognitivas, e fortalecendo o sistema imunol\u00f3gico.<\/p>\n<p>CURCUMA 60 CAPSULAS BIOCEUTICA CARACTER\u00cdSTICAS DO PRODUTO 60 C\u00e1psulas.(02 C\u00e1psula ao dia ). 30 doses por pote.Composi\u00e7\u00e3o: Foto 02 do an\u00fancio. Modo de Consumo: 02 c\u00e1psulas ao dia. IMPORTANTE N\u00e3o cont\u00e9m Gl\u00faten; Al\u00e9rgicos: O produto pode conter derivados de soja ou leite; Gestantes, nutrizes e crian\u00e7as de at\u00e9 03 anos devem consumir o produto somente sob orienta\u00e7\u00e3o m\u00e9dica ou de um nutricionista; Antes de iniciar o uso de qualquer suplemento, \u00e9 recomendado consultar um profissional de sa\u00fade para obter orienta\u00e7\u00f5es personalizadas e garantir a seguran\u00e7a e efic\u00e1cia do produto.<\/p>\n<p>A c\u00farcuma, tamb\u00e9m conhecida como a\u00e7afr\u00e3o-da-terra, tem v\u00e1rios benef\u00edcios para a sa\u00fade, incluindo: Antioxidante: A c\u00farcuma neutraliza radicais livres, mol\u00e9culas que podem danificar o DNA, prote\u00ednas e lip\u00eddios. Anti-inflamat\u00f3ria: A c\u00farcuma pode ajudar a reduzir a inflama\u00e7\u00e3o. Antimicrobiana: A c\u00farcuma pode ajudar a fortalecer o sistema imunol\u00f3gico, protegendo contra infec\u00e7\u00f5es virais e alergias. Cardioprotetora: A c\u00farcuma pode ajudar a reduzir o colesterol &#8220;ruim&#8221; e os triglicer\u00eddeos, prevenindo doen\u00e7as cardiovasculares. Neuroprotetora: A c\u00farcuma pode ajudar a prevenir a degenera\u00e7\u00e3o dos neur\u00f4nios e melhorar o d\u00e9ficit de mem\u00f3ria. Antidepressiva: A c\u00farcuma pode ajudar a melhorar altera\u00e7\u00f5es nos neurotransmissores associadas \u00e0 ansiedade e depress\u00e3o. Hepatoprotetora: A c\u00farcuma pode ter efeitos hepatoprotetores. A c\u00farcuma \u00e9 origin\u00e1ria da \u00c1sia e \u00e9 cultivada em regi\u00f5es tropicais e subtropicais. \u00c9 consumida principalmente na forma de p\u00f3 seco e \u00e9 utilizada como corante alimentar. A Natural Medicines indica que \u00e9 seguro consumir at\u00e9 4 gramas de curcumina por dia por um m\u00eas. No entanto, altas doses de c\u00farcuma podem causar efeitos desagrad\u00e1veis como n\u00e1usea e diarreia. A curcumina tamb\u00e9m pode interagir com alguns medicamentos, como anticoagulantes, antiplaquet\u00e1rios, anti\u00e1cidos e medicamentos para quimioterapia e press\u00e3o arterial.<\/p>\n","protected":false},"excerpt":{"rendered":"<p>A C\u00farcuma \u00e9 um suplemento alimentar que atua aliviando as dores articulares, auxilia na melhora das fun\u00e7\u00f5es cognitivas, e fortalecendo o sistema imunol\u00f3gico. CURCUMA 60 CAPSULAS BIOCEUTICA CARACTER\u00cdSTICAS DO PRODUTO 60 C\u00e1psulas.(02 C\u00e1psula ao dia ). 30 doses por pote.Composi\u00e7\u00e3o: Foto 02 do an\u00fancio. Modo de Consumo: 02 c\u00e1psulas ao dia. IMPORTANTE N\u00e3o cont\u00e9m Gl\u00faten; [&hellip;]<\/p>\n","protected":false},"featured_media":826,"comment_status":"open","ping_status":"closed","template":"","meta":{"om_disable_all_campaigns":false,"_monsterinsights_skip_tracking":false,"_monsterinsights_sitenote_active":false,"_monsterinsights_sitenote_note":"","_monsterinsights_sitenote_category":0,"_uf_show_specific_survey":0,"_uf_disable_surveys":false},"product_cat":[15],"product_tag":[],"aioseo_notices":[],"jetpack_sharing_enabled":true,"_links":{"self":[{"href":"https:\/\/extratonutri.com.br\/index.php\/wp-json\/wp\/v2\/product\/780"}],"collection":[{"href":"https:\/\/extratonutri.com.br\/index.php\/wp-json\/wp\/v2\/product"}],"about":[{"href":"https:\/\/extratonutri.com.br\/index.php\/wp-json\/wp\/v2\/types\/product"}],"replies":[{"embeddable":true,"href":"https:\/\/extratonutri.com.br\/index.php\/wp-json\/wp\/v2\/comments?post=780"}],"wp:featuredmedia":[{"embeddable":true,"href":"https:\/\/extratonutri.com.br\/index.php\/wp-json\/wp\/v2\/media\/826"}],"wp:attachment":[{"href":"https:\/\/extratonutri.com.br\/index.php\/wp-json\/wp\/v2\/media?parent=780"}],"wp:term":[{"taxonomy":"product_cat","embeddable":true,"href":"https:\/\/extratonutri.com.br\/index.php\/wp-json\/wp\/v2\/product_cat?post=780"},{"taxonomy":"product_tag","embeddable":true,"href":"https:\/\/extratonutri.com.br\/index.php\/wp-json\/wp\/v2\/product_tag?post=780"}],"curies":[{"name":"wp","href":"https:\/\/api.w.org\/{rel}","templated":true}]}}