{"id":775,"date":"2024-12-09T21:09:27","date_gmt":"2024-12-10T00:09:27","guid":{"rendered":"https:\/\/extratonutri.com.br\/?post_type=product&#038;p=775"},"modified":"2024-12-12T15:07:34","modified_gmt":"2024-12-12T18:07:34","slug":"relive-hair-produto-100-original","status":"publish","type":"product","link":"https:\/\/extratonutri.com.br\/index.php\/product\/relive-hair-produto-100-original\/","title":{"rendered":"Relive Hair produto 100% original."},"content":{"rendered":"<p>SUPLEMENTO CAPILAR BIOC\u00caUTICA RELIVE HAIR CONT\u00c9M:1x Frasco de Suplemento Capilar Bioc\u00eautica Relive Hair 60 C\u00e1psulas Ingerir 2 c\u00e1psulas ao dia ou conforme orienta\u00e7\u00e3o do seu m\u00e9dico ou nutricionista.O produto perfeito para voc\u00ea que procura um suplemento alimentar para cabelos, pele e unhas com excelente custo x benef\u00edcio Fonte de vitaminas A, C, D e E, Biotina, Zinco, Auxilia no funcionamento do sistema imune, contribui para a manuten\u00e7\u00e3o da pele, al\u00e9m de ser um antioxidante que auxilia na prote\u00e7\u00e3o dos danos causados pelos radicais livres.Vitamina A: Auxilia no funcionamento do sistema imune- Auxilia no metabolismo de ferro- Contribui para a manuten\u00e7\u00e3o da pele- Auxilia na manuten\u00e7\u00e3o de mucosas Vitamina C: Auxilia no funcionamento do sistema imune  Auxilia na forma\u00e7\u00e3o do col\u00e1geno- Auxilia no metabolismo energ\u00e9tico- Auxilia no metabolismo de prote\u00ednas e gorduras Vitamina D:- Auxilia no funcionamento do sistema imune- Auxilia no funcionamento muscular Auxilia no processo de divis\u00e3o celular Vitamina E:- \u00c9 um antioxidante que auxilia na prote\u00e7\u00e3o dos danos causados pelos radicais livres. Biotina (Vitamina B7)- Contribui para a manuten\u00e7\u00e3o do cabelo e pele Zinco- Contribui para a manuten\u00e7\u00e3o do cabelo, pele e unhas. OBSERVA\u00c7\u00d5ES: AL\u00c9RGICOS: Pode conter derivados de peixe, leite e soja Mantenha fora do alcance de crian\u00e7as. Este produto n\u00e3o \u00e9 um medicamento. Este produto n\u00e3o deve ser consumido por gestantes, lactantes e crian\u00e7as.N\u00e3o exceder a recomenda\u00e7\u00e3o di\u00e1ria de consumo indicada na embalagem. Este produto deve ser mantido bem fechado ao abrigo de luz, calor e umidade.<\/p>\n","protected":false},"excerpt":{"rendered":"<p>SUPLEMENTO CAPILAR BIOC\u00caUTICA RELIVE HAIR CONT\u00c9M:1x Frasco de Suplemento Capilar Bioc\u00eautica Relive Hair 60 C\u00e1psulas Ingerir 2 c\u00e1psulas ao dia ou conforme orienta\u00e7\u00e3o do seu m\u00e9dico ou nutricionista.O produto perfeito para voc\u00ea que procura um suplemento alimentar para cabelos, pele e unhas com excelente custo x benef\u00edcio Fonte de vitaminas A, C, D e E, [&hellip;]<\/p>\n","protected":false},"featured_media":779,"comment_status":"open","ping_status":"closed","template":"","meta":{"om_disable_all_campaigns":false,"_monsterinsights_skip_tracking":false,"_monsterinsights_sitenote_active":false,"_monsterinsights_sitenote_note":"","_monsterinsights_sitenote_category":0,"_uf_show_specific_survey":0,"_uf_disable_surveys":false},"product_cat":[15],"product_tag":[],"aioseo_notices":[],"jetpack_sharing_enabled":true,"_links":{"self":[{"href":"https:\/\/extratonutri.com.br\/index.php\/wp-json\/wp\/v2\/product\/775"}],"collection":[{"href":"https:\/\/extratonutri.com.br\/index.php\/wp-json\/wp\/v2\/product"}],"about":[{"href":"https:\/\/extratonutri.com.br\/index.php\/wp-json\/wp\/v2\/types\/product"}],"replies":[{"embeddable":true,"href":"https:\/\/extratonutri.com.br\/index.php\/wp-json\/wp\/v2\/comments?post=775"}],"wp:featuredmedia":[{"embeddable":true,"href":"https:\/\/extratonutri.com.br\/index.php\/wp-json\/wp\/v2\/media\/779"}],"wp:attachment":[{"href":"https:\/\/extratonutri.com.br\/index.php\/wp-json\/wp\/v2\/media?parent=775"}],"wp:term":[{"taxonomy":"product_cat","embeddable":true,"href":"https:\/\/extratonutri.com.br\/index.php\/wp-json\/wp\/v2\/product_cat?post=775"},{"taxonomy":"product_tag","embeddable":true,"href":"https:\/\/extratonutri.com.br\/index.php\/wp-json\/wp\/v2\/product_tag?post=775"}],"curies":[{"name":"wp","href":"https:\/\/api.w.org\/{rel}","templated":true}]}}