{"id":769,"date":"2024-12-09T20:51:59","date_gmt":"2024-12-09T23:51:59","guid":{"rendered":"https:\/\/extratonutri.com.br\/?post_type=product&#038;p=769"},"modified":"2025-02-19T18:57:12","modified_gmt":"2025-02-19T21:57:12","slug":"colageno-2-pote-60-capsulas","status":"publish","type":"product","link":"https:\/\/extratonutri.com.br\/index.php\/product\/colageno-2-pote-60-capsulas\/","title":{"rendered":"Col\u00e1geno tipo 2 pote 60 c\u00e1psulas produto 100% original."},"content":{"rendered":"<p>Dosagem Recomendada: Ingerir 3 c\u00e1psulas ao dia, ou conforme orienta\u00e7\u00e3o de um m\u00e9dico ou nutricionista. Advert\u00eancias: Pode conter tra\u00e7os de derivados de peixe, leite e soja. N\u00e3o \u00e9 um medicamento. N\u00e3o exceder a recomenda\u00e7\u00e3o di\u00e1ria de consumo indicada na embalagem. Manter fora do alcance de crian\u00e7as. Cuidados de Conserva\u00e7\u00e3o: Conservar o produto bem fechado, em local fresco e seco, ao abrigo de luz e calor.Consumir dentro de 60 dias ap\u00f3s aberto.Verificar o lacre antes do uso para garantir a integridade do produto. Regulamenta\u00e7\u00e3o: Produto dispensado de registro conforme resolu\u00e7\u00e3o RDC 27\/10 e RDC 240\/18.O Suplemento de Col\u00e1geno Tipo II da Bioceutica \u00e9 uma escolha excelente para quem deseja cuidar da sa\u00fade das articula\u00e7\u00f5es de forma natural e eficaz, contribuindo para uma melhor qualidade de vida e bem-estar. Integr\u00e1-lo \u00e0 sua rotina di\u00e1ria \u00e9 um passo positivo para manter a sa\u00fade articular e a mobilidade, especialmente \u00e0 medida que envelhecemos. de Suplemento Alimentar Bioc\u00eautica Col\u00e1geno Tipo II Pote 60 C\u00e1psulas.<\/p>\n","protected":false},"excerpt":{"rendered":"<p>Dosagem Recomendada: Ingerir 3 c\u00e1psulas ao dia, ou conforme orienta\u00e7\u00e3o de um m\u00e9dico ou nutricionista. Advert\u00eancias: Pode conter tra\u00e7os de derivados de peixe, leite e soja. N\u00e3o \u00e9 um medicamento. N\u00e3o exceder a recomenda\u00e7\u00e3o di\u00e1ria de consumo indicada na embalagem. Manter fora do alcance de crian\u00e7as. Cuidados de Conserva\u00e7\u00e3o: Conservar o produto bem fechado, em [&hellip;]<\/p>\n","protected":false},"featured_media":770,"comment_status":"open","ping_status":"closed","template":"","meta":{"om_disable_all_campaigns":false,"_monsterinsights_skip_tracking":false,"_monsterinsights_sitenote_active":false,"_monsterinsights_sitenote_note":"","_monsterinsights_sitenote_category":0,"_uf_show_specific_survey":0,"_uf_disable_surveys":false},"product_cat":[15],"product_tag":[],"aioseo_notices":[],"jetpack_sharing_enabled":true,"_links":{"self":[{"href":"https:\/\/extratonutri.com.br\/index.php\/wp-json\/wp\/v2\/product\/769"}],"collection":[{"href":"https:\/\/extratonutri.com.br\/index.php\/wp-json\/wp\/v2\/product"}],"about":[{"href":"https:\/\/extratonutri.com.br\/index.php\/wp-json\/wp\/v2\/types\/product"}],"replies":[{"embeddable":true,"href":"https:\/\/extratonutri.com.br\/index.php\/wp-json\/wp\/v2\/comments?post=769"}],"wp:featuredmedia":[{"embeddable":true,"href":"https:\/\/extratonutri.com.br\/index.php\/wp-json\/wp\/v2\/media\/770"}],"wp:attachment":[{"href":"https:\/\/extratonutri.com.br\/index.php\/wp-json\/wp\/v2\/media?parent=769"}],"wp:term":[{"taxonomy":"product_cat","embeddable":true,"href":"https:\/\/extratonutri.com.br\/index.php\/wp-json\/wp\/v2\/product_cat?post=769"},{"taxonomy":"product_tag","embeddable":true,"href":"https:\/\/extratonutri.com.br\/index.php\/wp-json\/wp\/v2\/product_tag?post=769"}],"curies":[{"name":"wp","href":"https:\/\/api.w.org\/{rel}","templated":true}]}}