{"id":765,"date":"2024-12-09T18:11:18","date_gmt":"2024-12-09T21:11:18","guid":{"rendered":"https:\/\/extratonutri.com.br\/?post_type=product&#038;p=765"},"modified":"2024-12-10T17:52:56","modified_gmt":"2024-12-10T20:52:56","slug":"omega-3-suplemento-alimentar","status":"publish","type":"product","link":"https:\/\/extratonutri.com.br\/index.php\/product\/omega-3-suplemento-alimentar\/","title":{"rendered":"\u00d4mega 3 suplemento alimentar."},"content":{"rendered":"<p>\u00f4mega 3 \u00e9 um nutriente que traz diversos benef\u00edcios para a sa\u00fade, como: Sa\u00fade cardiovascular: Previne doen\u00e7as cardiovasculares, melhora a press\u00e3o arterial e reduz triglicer\u00eddeos Anti-inflamat\u00f3rio: Tem um efeito anti-inflamat\u00f3rio, o que pode reduzir a inflama\u00e7\u00e3o nas articula\u00e7\u00f5es e diminuir o risco de artrite Sa\u00fade mental: Auxilia na sa\u00fade mental, reduzindo a ansiedade e irritabilidade e melhorando a qualidade do sono Pele: Retarda o envelhecimento precoce da pele, prevenindo rugas Sistema imunol\u00f3gico: Fortalece o sistema de defesa Desenvolvimento fetal: \u00c9 importante para o desenvolvimento cerebral do beb\u00ea Desempenho cognitivo: Promove o desempenho cognitivo Muscular: Ajuda no fortalecimento muscular e acelera a recupera\u00e7\u00e3o muscular Energia: \u00c9 fonte de energia Metabolismo lip\u00eddico: Estimula o metabolismo lip\u00eddico.<\/p>\n<div>\u00d4mega 3 \u2013 Suplemento Alimentar (60 C\u00e1psulas)Suplemento Alimentar de \u00d4mega 3 1000mg (60 C\u00e1psulas) Composto de \u00d3leo de Peixe em Capsulas Gelatinosas Mole \u00d3leo de peixe TG 18EPA 12 DHA e antioxidante: DL-alfa tocoferol INS428 e umectante glicerina INS 422.O consumo regular do \u00e1cido graxo melhora o sistema circulat\u00f3rio e previne doen\u00e7as cardiovasculares, pois o \u00d4mega 3 impede a forma\u00e7\u00e3o e ac\u00famulo de plaquetas nos vasos sangu\u00edneos que podem levar a doen\u00e7a Cardiovasculares. Este produto deve ser mantido bem fechado e fora do abrigo excessivo de luz, calor e Umidade.<span style=\"font-family: var(--wp--preset--font-family--system-font)\"><\/span><\/div>\n","protected":false},"excerpt":{"rendered":"<p>\u00f4mega 3 \u00e9 um nutriente que traz diversos benef\u00edcios para a sa\u00fade, como: Sa\u00fade cardiovascular: Previne doen\u00e7as cardiovasculares, melhora a press\u00e3o arterial e reduz triglicer\u00eddeos Anti-inflamat\u00f3rio: Tem um efeito anti-inflamat\u00f3rio, o que pode reduzir a inflama\u00e7\u00e3o nas articula\u00e7\u00f5es e diminuir o risco de artrite Sa\u00fade mental: Auxilia na sa\u00fade mental, reduzindo a ansiedade e irritabilidade [&hellip;]<\/p>\n","protected":false},"featured_media":799,"comment_status":"open","ping_status":"closed","template":"","meta":{"om_disable_all_campaigns":false,"_monsterinsights_skip_tracking":false,"_monsterinsights_sitenote_active":false,"_monsterinsights_sitenote_note":"","_monsterinsights_sitenote_category":0,"_uf_show_specific_survey":0,"_uf_disable_surveys":false},"product_cat":[15],"product_tag":[],"aioseo_notices":[],"jetpack_sharing_enabled":true,"_links":{"self":[{"href":"https:\/\/extratonutri.com.br\/index.php\/wp-json\/wp\/v2\/product\/765"}],"collection":[{"href":"https:\/\/extratonutri.com.br\/index.php\/wp-json\/wp\/v2\/product"}],"about":[{"href":"https:\/\/extratonutri.com.br\/index.php\/wp-json\/wp\/v2\/types\/product"}],"replies":[{"embeddable":true,"href":"https:\/\/extratonutri.com.br\/index.php\/wp-json\/wp\/v2\/comments?post=765"}],"wp:featuredmedia":[{"embeddable":true,"href":"https:\/\/extratonutri.com.br\/index.php\/wp-json\/wp\/v2\/media\/799"}],"wp:attachment":[{"href":"https:\/\/extratonutri.com.br\/index.php\/wp-json\/wp\/v2\/media?parent=765"}],"wp:term":[{"taxonomy":"product_cat","embeddable":true,"href":"https:\/\/extratonutri.com.br\/index.php\/wp-json\/wp\/v2\/product_cat?post=765"},{"taxonomy":"product_tag","embeddable":true,"href":"https:\/\/extratonutri.com.br\/index.php\/wp-json\/wp\/v2\/product_tag?post=765"}],"curies":[{"name":"wp","href":"https:\/\/api.w.org\/{rel}","templated":true}]}}