{"id":756,"date":"2024-12-09T17:31:55","date_gmt":"2024-12-09T20:31:55","guid":{"rendered":"https:\/\/extratonutri.com.br\/?post_type=product&#038;p=756"},"modified":"2024-12-18T17:48:21","modified_gmt":"2024-12-18T20:48:21","slug":"sabonete-de-argila-verde-em-barra","status":"publish","type":"product","link":"https:\/\/extratonutri.com.br\/index.php\/product\/sabonete-de-argila-verde-em-barra\/","title":{"rendered":"Sabonete de argila verde em barra 100% original."},"content":{"rendered":"<p>O Sabonete de Argila Verde, \u00e9 um sabonete para corpo e rosto. Sua f\u00f3rmula suave permite limpar sem ressecar, al\u00e9m de perfumar com uma delicada fragr\u00e2ncia. Composto por argila ultrafina, que \u00e9 bem absorvida pelo nosso organismo, permitindo assim, que todos os benef\u00edcios da argila sejam alcan\u00e7ados, al\u00e9m de n\u00e3o deixar o sabonete \u00e1spero. Tamb\u00e9m possui a\u00e7\u00e3o emoliente e hidratante, regenerando a pele. A argila verde \u00e9 uma tensora muito boa por natureza, realiza um peeling natural, retirando, assim, o excesso de oleosidade da nossa derme. O uso da argila para tratamentos est\u00e9ticos \u00e9 bastante indicado e conhecido, pois ela \u00e9 rica em sais minerais como: zinco, alum\u00ednio, pot\u00e1ssio, sil\u00edcio, c\u00e1lcio, ferro, entre outros.O sabonete de argila verde tamb\u00e9m tem a\u00e7\u00e3o esfoliante natural, pois a argila remove as c\u00e9lulas mortas e ajuda a eliminar manchas da pele favorecendo r\u00e1pida cicatriza\u00e7\u00e3o e recomposi\u00e7\u00e3o do tecido lesionado. Modo de uso: Massagear suavemente sobre todo o corpo \u00famido e enxaguar abundantemente. Massagear a pele molhada passando o produto pelo corpo\/rosto. Em seguida, enxague.<\/p>\n","protected":false},"excerpt":{"rendered":"<p>O Sabonete de Argila Verde, \u00e9 um sabonete para corpo e rosto. Sua f\u00f3rmula suave permite limpar sem ressecar, al\u00e9m de perfumar com uma delicada fragr\u00e2ncia. Composto por argila ultrafina, que \u00e9 bem absorvida pelo nosso organismo, permitindo assim, que todos os benef\u00edcios da argila sejam alcan\u00e7ados, al\u00e9m de n\u00e3o deixar o sabonete \u00e1spero. Tamb\u00e9m [&hellip;]<\/p>\n","protected":false},"featured_media":757,"comment_status":"open","ping_status":"closed","template":"","meta":{"om_disable_all_campaigns":false,"_monsterinsights_skip_tracking":false,"_monsterinsights_sitenote_active":false,"_monsterinsights_sitenote_note":"","_monsterinsights_sitenote_category":0,"_uf_show_specific_survey":0,"_uf_disable_surveys":false},"product_cat":[15],"product_tag":[],"aioseo_notices":[],"jetpack_sharing_enabled":true,"_links":{"self":[{"href":"https:\/\/extratonutri.com.br\/index.php\/wp-json\/wp\/v2\/product\/756"}],"collection":[{"href":"https:\/\/extratonutri.com.br\/index.php\/wp-json\/wp\/v2\/product"}],"about":[{"href":"https:\/\/extratonutri.com.br\/index.php\/wp-json\/wp\/v2\/types\/product"}],"replies":[{"embeddable":true,"href":"https:\/\/extratonutri.com.br\/index.php\/wp-json\/wp\/v2\/comments?post=756"}],"wp:featuredmedia":[{"embeddable":true,"href":"https:\/\/extratonutri.com.br\/index.php\/wp-json\/wp\/v2\/media\/757"}],"wp:attachment":[{"href":"https:\/\/extratonutri.com.br\/index.php\/wp-json\/wp\/v2\/media?parent=756"}],"wp:term":[{"taxonomy":"product_cat","embeddable":true,"href":"https:\/\/extratonutri.com.br\/index.php\/wp-json\/wp\/v2\/product_cat?post=756"},{"taxonomy":"product_tag","embeddable":true,"href":"https:\/\/extratonutri.com.br\/index.php\/wp-json\/wp\/v2\/product_tag?post=756"}],"curies":[{"name":"wp","href":"https:\/\/api.w.org\/{rel}","templated":true}]}}