{"id":731,"date":"2024-03-19T12:56:29","date_gmt":"2024-03-19T15:56:29","guid":{"rendered":"https:\/\/extratonutri.com.br\/?post_type=product&#038;p=731"},"modified":"2024-12-09T17:21:38","modified_gmt":"2024-12-09T20:21:38","slug":"sabonete-intimo-aromas-do-brasil-barbatimao-200ml-bio-instinto","status":"publish","type":"product","link":"https:\/\/extratonutri.com.br\/index.php\/product\/sabonete-intimo-aromas-do-brasil-barbatimao-200ml-bio-instinto\/","title":{"rendered":"Sabonete \u00cdntimo Aromas do Brasil Barbatim\u00e3o 200mL Bio Instinto"},"content":{"rendered":"<p>Sabonete \u00cdntimo Aromas do Brasil Barbatim\u00e3o 200mL Bio Instinto.<br \/>Sabonete l\u00edquido \u00edntimo aromas do brasil 200ml &#8211; barbatim\u00e3o &#8211; bio instinto. HIPOALERG\u00caNICO.  REDUTOR de odores. NOVA f\u00f3rmula: 0% parabenos &#8211; 0% alerg\u00eanicos &#8211; 0% sal. COM extratos de barbatim\u00e3o E aroeira. SENSA\u00c7\u00c3O de limpeza prolongada. APROVADO por m\u00e9dicos: dermatologista E GINECOLOGISTA. Desenvolvido para acompanhar o dinamismo da mulher brasileira. Possui f\u00f3rmula ginecologicamente testada e aprovada, ideal para o uso di\u00e1rio, durante o per\u00edodo menstrual e ap\u00f3s depila\u00e7\u00f5es.<\/p>\n","protected":false},"excerpt":{"rendered":"<p>Sabonete \u00cdntimo Aromas do Brasil Barbatim\u00e3o 200mL Bio Instinto.Sabonete l\u00edquido \u00edntimo aromas do brasil 200ml &#8211; barbatim\u00e3o &#8211; bio instinto. HIPOALERG\u00caNICO. REDUTOR de odores. NOVA f\u00f3rmula: 0% parabenos &#8211; 0% alerg\u00eanicos &#8211; 0% sal. COM extratos de barbatim\u00e3o E aroeira. SENSA\u00c7\u00c3O de limpeza prolongada. APROVADO por m\u00e9dicos: dermatologista E GINECOLOGISTA. Desenvolvido para acompanhar o dinamismo [&hellip;]<\/p>\n","protected":false},"featured_media":732,"comment_status":"open","ping_status":"closed","template":"","meta":{"om_disable_all_campaigns":false,"_monsterinsights_skip_tracking":false,"_monsterinsights_sitenote_active":false,"_monsterinsights_sitenote_note":"","_monsterinsights_sitenote_category":0,"_uf_show_specific_survey":0,"_uf_disable_surveys":false},"product_cat":[15],"product_tag":[],"aioseo_notices":[],"jetpack_sharing_enabled":true,"_links":{"self":[{"href":"https:\/\/extratonutri.com.br\/index.php\/wp-json\/wp\/v2\/product\/731"}],"collection":[{"href":"https:\/\/extratonutri.com.br\/index.php\/wp-json\/wp\/v2\/product"}],"about":[{"href":"https:\/\/extratonutri.com.br\/index.php\/wp-json\/wp\/v2\/types\/product"}],"replies":[{"embeddable":true,"href":"https:\/\/extratonutri.com.br\/index.php\/wp-json\/wp\/v2\/comments?post=731"}],"wp:featuredmedia":[{"embeddable":true,"href":"https:\/\/extratonutri.com.br\/index.php\/wp-json\/wp\/v2\/media\/732"}],"wp:attachment":[{"href":"https:\/\/extratonutri.com.br\/index.php\/wp-json\/wp\/v2\/media?parent=731"}],"wp:term":[{"taxonomy":"product_cat","embeddable":true,"href":"https:\/\/extratonutri.com.br\/index.php\/wp-json\/wp\/v2\/product_cat?post=731"},{"taxonomy":"product_tag","embeddable":true,"href":"https:\/\/extratonutri.com.br\/index.php\/wp-json\/wp\/v2\/product_tag?post=731"}],"curies":[{"name":"wp","href":"https:\/\/api.w.org\/{rel}","templated":true}]}}