{"id":696,"date":"2024-03-01T15:37:40","date_gmt":"2024-03-01T18:37:40","guid":{"rendered":"https:\/\/extratonutri.com.br\/?post_type=product&#038;p=696"},"modified":"2024-03-01T15:41:11","modified_gmt":"2024-03-01T18:41:11","slug":"creme-hidratante-para-o-corpo-escandalosa-80ml-scandal-jean-paul-gaultier-amakha-paris","status":"publish","type":"product","link":"https:\/\/extratonutri.com.br\/index.php\/product\/creme-hidratante-para-o-corpo-escandalosa-80ml-scandal-jean-paul-gaultier-amakha-paris\/","title":{"rendered":"Creme Hidratante para o Corpo Escandalosa 80ml Scandal Jean Paul Gaultier &#8211; Amakha Paris"},"content":{"rendered":"<p>Escandalosa pode ser usado de dia e de noite sempre surpreendendo por onde passar. Agora com nova f\u00f3rmula super hidratante e dermatologicamente testada. Ativos:\u00a0cont\u00e9m vitaminas antioxidantes C e E; Possui em sua formula\u00e7\u00e3o emolientes ricos em vitaminas, prote\u00ednas e silicones. Diferencial:\u00a0\u00c9 leve, f\u00e1cil de espalhar e tem r\u00e1pida absor\u00e7\u00e3o; deixa a sua pele aveludada, macia, al\u00e9m de proporcionar uma hidrata\u00e7\u00e3o prolongada; melhora a circula\u00e7\u00e3o; retarda o envelhecimento; promove uma pele muito mais suave. Absor\u00e7\u00e3o r\u00e1pida, pele sedosa tratada e delicadamente perfumada.<\/p>\n","protected":false},"excerpt":{"rendered":"<p>Escandalosa pode ser usado de dia e de noite sempre surpreendendo por onde passar. Agora com nova f\u00f3rmula super hidratante e dermatologicamente testada. Ativos:\u00a0cont\u00e9m vitaminas antioxidantes C e E; Possui em sua formula\u00e7\u00e3o emolientes ricos em vitaminas, prote\u00ednas e silicones. Diferencial:\u00a0\u00c9 leve, f\u00e1cil de espalhar e tem r\u00e1pida absor\u00e7\u00e3o; deixa a sua pele aveludada, macia, [&hellip;]<\/p>\n","protected":false},"featured_media":697,"comment_status":"open","ping_status":"closed","template":"","meta":{"om_disable_all_campaigns":false,"_monsterinsights_skip_tracking":false,"_monsterinsights_sitenote_active":false,"_monsterinsights_sitenote_note":"","_monsterinsights_sitenote_category":0,"_uf_show_specific_survey":0,"_uf_disable_surveys":false},"product_cat":[15],"product_tag":[],"aioseo_notices":[],"jetpack_sharing_enabled":true,"_links":{"self":[{"href":"https:\/\/extratonutri.com.br\/index.php\/wp-json\/wp\/v2\/product\/696"}],"collection":[{"href":"https:\/\/extratonutri.com.br\/index.php\/wp-json\/wp\/v2\/product"}],"about":[{"href":"https:\/\/extratonutri.com.br\/index.php\/wp-json\/wp\/v2\/types\/product"}],"replies":[{"embeddable":true,"href":"https:\/\/extratonutri.com.br\/index.php\/wp-json\/wp\/v2\/comments?post=696"}],"wp:featuredmedia":[{"embeddable":true,"href":"https:\/\/extratonutri.com.br\/index.php\/wp-json\/wp\/v2\/media\/697"}],"wp:attachment":[{"href":"https:\/\/extratonutri.com.br\/index.php\/wp-json\/wp\/v2\/media?parent=696"}],"wp:term":[{"taxonomy":"product_cat","embeddable":true,"href":"https:\/\/extratonutri.com.br\/index.php\/wp-json\/wp\/v2\/product_cat?post=696"},{"taxonomy":"product_tag","embeddable":true,"href":"https:\/\/extratonutri.com.br\/index.php\/wp-json\/wp\/v2\/product_tag?post=696"}],"curies":[{"name":"wp","href":"https:\/\/api.w.org\/{rel}","templated":true}]}}