{"id":694,"date":"2024-03-01T15:31:46","date_gmt":"2024-03-01T18:31:46","guid":{"rendered":"https:\/\/extratonutri.com.br\/?post_type=product&#038;p=694"},"modified":"2024-03-01T15:37:26","modified_gmt":"2024-03-01T18:37:26","slug":"creme-hidratante-para-o-corpo-athenna-80ml-amakha-paris","status":"publish","type":"product","link":"https:\/\/extratonutri.com.br\/index.php\/product\/creme-hidratante-para-o-corpo-athenna-80ml-amakha-paris\/","title":{"rendered":"Creme Hidratante para o Corpo Athenna 80ml &#8211; Amakha Paris"},"content":{"rendered":"<p>Esse hidratante leva o nome da deusa da sabedoria, da intelig\u00eancia, da guerra e da justi\u00e7a na mitologia grega. Com uma fragr\u00e2ncia oriental floral o hidratante Athena transmite a for\u00e7a e a sagacidade da mulher. F\u00f3rmula super hidratante e dermatologicamente testada. Ativos:\u00a0cont\u00e9m vitaminas antioxidantes C e E; Possui em sua formula\u00e7\u00e3o emolientes ricos em vitaminas, prote\u00ednas e silicones. Diferencial:\u00a0\u00c9 leve, f\u00e1cil de espalhar e tem r\u00e1pida absor\u00e7\u00e3o; deixa a sua pele aveludada, macia, al\u00e9m de proporcionar uma hidrata\u00e7\u00e3o prolongada; melhora a circula\u00e7\u00e3o; retarda o envelhecimento; promove uma pele muito mais suave. Absor\u00e7\u00e3o r\u00e1pida, pele sedosa tratada e delicadamente perfumada.<\/p>\n","protected":false},"excerpt":{"rendered":"<p>Esse hidratante leva o nome da deusa da sabedoria, da intelig\u00eancia, da guerra e da justi\u00e7a na mitologia grega. Com uma fragr\u00e2ncia oriental floral o hidratante Athena transmite a for\u00e7a e a sagacidade da mulher. F\u00f3rmula super hidratante e dermatologicamente testada. Ativos:\u00a0cont\u00e9m vitaminas antioxidantes C e E; Possui em sua formula\u00e7\u00e3o emolientes ricos em vitaminas, [&hellip;]<\/p>\n","protected":false},"featured_media":695,"comment_status":"open","ping_status":"closed","template":"","meta":{"om_disable_all_campaigns":false,"_monsterinsights_skip_tracking":false,"_monsterinsights_sitenote_active":false,"_monsterinsights_sitenote_note":"","_monsterinsights_sitenote_category":0,"_uf_show_specific_survey":0,"_uf_disable_surveys":false},"product_cat":[15],"product_tag":[],"aioseo_notices":[],"jetpack_sharing_enabled":true,"_links":{"self":[{"href":"https:\/\/extratonutri.com.br\/index.php\/wp-json\/wp\/v2\/product\/694"}],"collection":[{"href":"https:\/\/extratonutri.com.br\/index.php\/wp-json\/wp\/v2\/product"}],"about":[{"href":"https:\/\/extratonutri.com.br\/index.php\/wp-json\/wp\/v2\/types\/product"}],"replies":[{"embeddable":true,"href":"https:\/\/extratonutri.com.br\/index.php\/wp-json\/wp\/v2\/comments?post=694"}],"wp:featuredmedia":[{"embeddable":true,"href":"https:\/\/extratonutri.com.br\/index.php\/wp-json\/wp\/v2\/media\/695"}],"wp:attachment":[{"href":"https:\/\/extratonutri.com.br\/index.php\/wp-json\/wp\/v2\/media?parent=694"}],"wp:term":[{"taxonomy":"product_cat","embeddable":true,"href":"https:\/\/extratonutri.com.br\/index.php\/wp-json\/wp\/v2\/product_cat?post=694"},{"taxonomy":"product_tag","embeddable":true,"href":"https:\/\/extratonutri.com.br\/index.php\/wp-json\/wp\/v2\/product_tag?post=694"}],"curies":[{"name":"wp","href":"https:\/\/api.w.org\/{rel}","templated":true}]}}