{"id":658,"date":"2024-02-10T16:21:20","date_gmt":"2024-02-10T19:21:20","guid":{"rendered":"https:\/\/extratonutri.com.br\/?post_type=product&#038;p=658"},"modified":"2024-10-19T19:27:13","modified_gmt":"2024-10-19T22:27:13","slug":"mascara-capilar-sos-efeito-teia","status":"publish","type":"product","link":"https:\/\/extratonutri.com.br\/index.php\/product\/mascara-capilar-sos-efeito-teia\/","title":{"rendered":"M\u00e1scara capilar SOS Efeito Teia"},"content":{"rendered":"<p>M\u00e1scara capilar reconstru\u00e7\u00e3o de Ultra Hidrata\u00e7\u00e3o SOS Efeito Teia- extrato nutri Professional A M\u00e1scara Restauradora \u00e9 uma m\u00e1scara de Hidrata\u00e7\u00e3o profunda Efeito Teia  Professional conta com a tecnologia do efeito teia, que facilita a distribui\u00e7\u00e3o do produto por todo o cabelo e forma um filme protetor que sela as cut\u00edculas e promove hidrata\u00e7\u00e3o de longa dura\u00e7\u00e3o cabelos fortes. Com uma formula\u00e7\u00e3o de alta performance enriquecida com Babosa, Col\u00e1geno e Queratina, age atrav\u00e9s da reposi\u00e7\u00e3o de massa proteica e nano regenera\u00e7\u00e3o dos fios danificados, restaurando a elasticidade, for\u00e7a e brilho natural dos cabelos. Obtenha como resultado cabelos fortalecidos, saud\u00e1veis e com brilho intenso da raiz at\u00e9 as pontas. Queratina &amp; col\u00e1geno Enriquecida de babosa. PH baixo produto profissional 280g Modo de uso: lave o cabelo com shampoo tire o excesso de \u00e1gua com uma toalha aplique o produto em todo comprimento por mechas at\u00e9 a pontas realizando massagem com as pontas do dedo. Deixe agir por 10 a 15 minutos e enx\u00e1gue \u00e9 finalize.<\/p>\n","protected":false},"excerpt":{"rendered":"<p>M\u00e1scara capilar reconstru\u00e7\u00e3o de Ultra Hidrata\u00e7\u00e3o SOS Efeito Teia- extrato nutri Professional A M\u00e1scara Restauradora \u00e9 uma m\u00e1scara de Hidrata\u00e7\u00e3o profunda Efeito Teia Professional conta com a tecnologia do efeito teia, que facilita a distribui\u00e7\u00e3o do produto por todo o cabelo e forma um filme protetor que sela as cut\u00edculas e promove hidrata\u00e7\u00e3o de longa [&hellip;]<\/p>\n","protected":false},"featured_media":662,"comment_status":"open","ping_status":"closed","template":"","meta":{"om_disable_all_campaigns":false,"_monsterinsights_skip_tracking":false,"_monsterinsights_sitenote_active":false,"_monsterinsights_sitenote_note":"","_monsterinsights_sitenote_category":0,"_uf_show_specific_survey":0,"_uf_disable_surveys":false},"product_cat":[15],"product_tag":[],"aioseo_notices":[],"jetpack_sharing_enabled":true,"_links":{"self":[{"href":"https:\/\/extratonutri.com.br\/index.php\/wp-json\/wp\/v2\/product\/658"}],"collection":[{"href":"https:\/\/extratonutri.com.br\/index.php\/wp-json\/wp\/v2\/product"}],"about":[{"href":"https:\/\/extratonutri.com.br\/index.php\/wp-json\/wp\/v2\/types\/product"}],"replies":[{"embeddable":true,"href":"https:\/\/extratonutri.com.br\/index.php\/wp-json\/wp\/v2\/comments?post=658"}],"wp:featuredmedia":[{"embeddable":true,"href":"https:\/\/extratonutri.com.br\/index.php\/wp-json\/wp\/v2\/media\/662"}],"wp:attachment":[{"href":"https:\/\/extratonutri.com.br\/index.php\/wp-json\/wp\/v2\/media?parent=658"}],"wp:term":[{"taxonomy":"product_cat","embeddable":true,"href":"https:\/\/extratonutri.com.br\/index.php\/wp-json\/wp\/v2\/product_cat?post=658"},{"taxonomy":"product_tag","embeddable":true,"href":"https:\/\/extratonutri.com.br\/index.php\/wp-json\/wp\/v2\/product_tag?post=658"}],"curies":[{"name":"wp","href":"https:\/\/api.w.org\/{rel}","templated":true}]}}