{"id":42,"date":"2024-01-31T16:30:30","date_gmt":"2024-01-31T19:30:30","guid":{"rendered":"https:\/\/extratonutri.com.br\/?post_type=product&#038;p=42"},"modified":"2024-02-03T21:49:00","modified_gmt":"2024-02-04T00:49:00","slug":"hidratante-elastina-bell-corpus","status":"publish","type":"product","link":"https:\/\/extratonutri.com.br\/index.php\/product\/hidratante-elastina-bell-corpus\/","title":{"rendered":"Hidratante Elastina Bell Corpus"},"content":{"rendered":"<p>O Hidratante Elastina Bell Corpus cont\u00e9m uma combina\u00e7\u00e3o de vitamina E, elastina e agentes hidratantes que agem restaurando, hidratando, devolvendo a elasticidade da pele. A Vitamina E tem o poder antioxidante que ajuda minimizar os efeitos do tempo na pele deixando-a sempre com o aspecto jovem e saud\u00e1vel.<\/p>\n<div>Categoria\u00a0Hidratantes Refer\u00eancia\u00a0Peso\u00a00.200g Descri\u00e7\u00e3o Completa Informa\u00e7\u00f5es do Produto COMPOSI\u00c7\u00c3O: Stearic Acid, Aqua, Ceteareth-20, Cetearyl Alcohol, EDTA Disodium, Elastin, Helianthus annuus (Sunflower) Seed Oil, Macadamia Integrifolia Seed Oil, Methylchloroisothiazolinone\/ Methylisothiazolinone, Olea Europaea (Olive) Fruit Oil, Parfum, Glycerin, Sesamum Indicum (Sesame) Seed Oil, Tocopheryl Acetate, Urea, Zea Mays (Corn) Oil, Ethylhexyl Methoxycinnamate. MODO DE USAR: Aplicar na regi\u00e3o desejada com movimentos circulares at\u00e9 absor\u00e7\u00e3o total do produto. PRECAU\u00c7\u00d5ES: Manter fora do alcance da crian\u00e7as e animais dom\u00e9sticos. CONSERVA\u00c7\u00c3O: Manter o produto em seco, fresco e ao abrigo da luz. ADVERTENCIAS: Somente de uso ext40. Em caso de irrita\u00e7\u00e3o suspender o procurar orienta\u00e7\u00e3o m\u00e9dica, se houver contato com os olhos lavar imediatamente com \u00e1gua corrente, Este produto n\u00e3o substitui o uso de filtro solar.<\/p>\n<div>\n<div><\/div>\n<\/div>\n<\/div>\n","protected":false},"excerpt":{"rendered":"<p>O Hidratante Elastina Bell Corpus cont\u00e9m uma combina\u00e7\u00e3o de vitamina E, elastina e agentes hidratantes que agem restaurando, hidratando, devolvendo a elasticidade da pele. A Vitamina E tem o poder antioxidante que ajuda minimizar os efeitos do tempo na pele deixando-a sempre com o aspecto jovem e saud\u00e1vel. Categoria\u00a0Hidratantes Refer\u00eancia\u00a0Peso\u00a00.200g Descri\u00e7\u00e3o Completa Informa\u00e7\u00f5es do Produto [&hellip;]<\/p>\n","protected":false},"featured_media":43,"comment_status":"open","ping_status":"closed","template":"","meta":{"om_disable_all_campaigns":false,"_monsterinsights_skip_tracking":false,"_monsterinsights_sitenote_active":false,"_monsterinsights_sitenote_note":"","_monsterinsights_sitenote_category":0,"_uf_show_specific_survey":0,"_uf_disable_surveys":false},"product_cat":[15],"product_tag":[],"aioseo_notices":[],"jetpack_sharing_enabled":true,"_links":{"self":[{"href":"https:\/\/extratonutri.com.br\/index.php\/wp-json\/wp\/v2\/product\/42"}],"collection":[{"href":"https:\/\/extratonutri.com.br\/index.php\/wp-json\/wp\/v2\/product"}],"about":[{"href":"https:\/\/extratonutri.com.br\/index.php\/wp-json\/wp\/v2\/types\/product"}],"replies":[{"embeddable":true,"href":"https:\/\/extratonutri.com.br\/index.php\/wp-json\/wp\/v2\/comments?post=42"}],"wp:featuredmedia":[{"embeddable":true,"href":"https:\/\/extratonutri.com.br\/index.php\/wp-json\/wp\/v2\/media\/43"}],"wp:attachment":[{"href":"https:\/\/extratonutri.com.br\/index.php\/wp-json\/wp\/v2\/media?parent=42"}],"wp:term":[{"taxonomy":"product_cat","embeddable":true,"href":"https:\/\/extratonutri.com.br\/index.php\/wp-json\/wp\/v2\/product_cat?post=42"},{"taxonomy":"product_tag","embeddable":true,"href":"https:\/\/extratonutri.com.br\/index.php\/wp-json\/wp\/v2\/product_tag?post=42"}],"curies":[{"name":"wp","href":"https:\/\/api.w.org\/{rel}","templated":true}]}}