{"id":406,"date":"2024-02-03T20:39:33","date_gmt":"2024-02-03T23:39:33","guid":{"rendered":"https:\/\/extratonutri.com.br\/?post_type=product&#038;p=406"},"modified":"2024-12-18T17:49:56","modified_gmt":"2024-12-18T20:49:56","slug":"kit-shampoo-e-condicionador-profissional","status":"publish","type":"product","link":"https:\/\/extratonutri.com.br\/index.php\/product\/kit-shampoo-e-condicionador-profissional\/","title":{"rendered":"Kit shampoo e condicionador profissional"},"content":{"rendered":"<p>Shampoo Repair Anti-Ressecamento dos Fios Mandioca e Macad\u00e2mia 250g Descri\u00e7\u00e3o do produto Shampoo Repair Mandioca e Macad\u00e2mia O shampoo Repair Extrato nutri Professional, \u00e9 um produto rico em vitaminas e nutrientes promove uma restaura\u00e7\u00e3o ultra emoliente e revitaliza\u00e7\u00e3o dos fios. Restaura completamente a estrutura dos cabelos ressecados, fr\u00e1geis e sem vida. A cada uso, tornar\u00e1 os fios mais resistentes, macios e brilhantes, al\u00e9m de promover um crescimento saud\u00e1vel.Possui alto poder de condicionamento e melhor desembara\u00e7o al\u00e9m de redu\u00e7\u00e3o da quebra, controle do frizz, maciez, brilho, deixando-os cabelos saud\u00e1veis. Use a m\u00e1scara uma vez na semana ou a cada quinze dias, para manter o tratamento sempre que lavar os cabelos utilize o shampoo, condicionador e creme de pentear da linha.Modo de usar: Ap\u00f3s lavar os cabelos com o Shampoo Repair Extrato nutri Professional, aplique a M\u00e1scara Repair Extrato nutri Professional nos cabelos \u00famidos do comprimento at\u00e9 as pontas, massageando os fios com suavidade. <\/p>\n<p>Deixar agir por 10 minutos para uma m\u00e1xima hidrata\u00e7\u00e3o, enxaguar com \u00e1gua em abund\u00e2ncia. Repair 5\u00d71 Extrato nutri Professional para um melhor resultado.Precau\u00e7\u00f5es: Uso externo. Manter fora do alcance das crian\u00e7as. Em contato com os olhos, lavar com \u00e1gua em abund\u00e2ncia. Em caso de sensibilidade ou ingest\u00e3o acidental suspenda o uso e procure orienta\u00e7\u00e3o m\u00e9dica. Manter o produto em local fresco, arejado e ao abrigo da luz.<\/p>\n<p>Condicionador Repair Anti-Ressecamento dos Fios Mandioca e Macad\u00e2mia 250g Descri\u00e7\u00e3o do produto Condicionador Repair Mandioca e Macad\u00e2mia O Condicionador Repair Extrato nutri Professional, \u00e9 um produto rico em vitaminas e nutrientes promove uma restaura\u00e7\u00e3o ultra emoliente e revitaliza\u00e7\u00e3o dos fios. Restaura completamente a estrutura dos cabelos ressecados, fr\u00e1geis e sem vida. A cada uso, tornar\u00e1 os fios mais resistentes, macios e brilhantes, al\u00e9m de promover um crescimento saud\u00e1vel.Possui alto poder de condicionamento e melhor desembara\u00e7o al\u00e9m de redu\u00e7\u00e3o da quebra, controle do frizz, maciez, brilho, deixando-os cabelos saud\u00e1veis. Use a m\u00e1scara uma vez na semana ou a cada quinze dias, para manter o tratamento sempre que lavar os cabelos utilize o shampoo, condicionador e creme de pentear da linha.Modo de usar: Ap\u00f3s lavar os cabelos com o Shampoo Repair Extrato nutri Professional, aplique a M\u00e1scara Repair Extrato nutri Professional nos cabelos \u00famidos do comprimento at\u00e9 as pontas, massageando os fios com suavidade.<br \/> Deixar agir por 10 minutos para uma m\u00e1xima hidrata\u00e7\u00e3o, enxaguar com \u00e1gua em abund\u00e2ncia. Repair 5\u00d71 Extrato nutri Professional para um melhor resultado.Precau\u00e7\u00f5es: Uso externo. Manter fora do alcance das crian\u00e7as. Em contato com os olhos, lavar com \u00e1gua em abund\u00e2ncia. Em caso de sensibilidade ou ingest\u00e3o acidental suspenda o uso e procure orienta\u00e7\u00e3o m\u00e9dica. Manter o produto em local fresco, arejado e ao abrigo da luz.<\/p>\n","protected":false},"excerpt":{"rendered":"<p>Shampoo Repair Anti-Ressecamento dos Fios Mandioca e Macad\u00e2mia 250g Descri\u00e7\u00e3o do produto Shampoo Repair Mandioca e Macad\u00e2mia O shampoo Repair Extrato nutri Professional, \u00e9 um produto rico em vitaminas e nutrientes promove uma restaura\u00e7\u00e3o ultra emoliente e revitaliza\u00e7\u00e3o dos fios. Restaura completamente a estrutura dos cabelos ressecados, fr\u00e1geis e sem vida. A cada uso, tornar\u00e1 [&hellip;]<\/p>\n","protected":false},"featured_media":409,"comment_status":"open","ping_status":"closed","template":"","meta":{"om_disable_all_campaigns":false,"_monsterinsights_skip_tracking":false,"_monsterinsights_sitenote_active":false,"_monsterinsights_sitenote_note":"","_monsterinsights_sitenote_category":0,"_uf_show_specific_survey":0,"_uf_disable_surveys":false},"product_cat":[15],"product_tag":[],"aioseo_notices":[],"jetpack_sharing_enabled":true,"_links":{"self":[{"href":"https:\/\/extratonutri.com.br\/index.php\/wp-json\/wp\/v2\/product\/406"}],"collection":[{"href":"https:\/\/extratonutri.com.br\/index.php\/wp-json\/wp\/v2\/product"}],"about":[{"href":"https:\/\/extratonutri.com.br\/index.php\/wp-json\/wp\/v2\/types\/product"}],"replies":[{"embeddable":true,"href":"https:\/\/extratonutri.com.br\/index.php\/wp-json\/wp\/v2\/comments?post=406"}],"wp:featuredmedia":[{"embeddable":true,"href":"https:\/\/extratonutri.com.br\/index.php\/wp-json\/wp\/v2\/media\/409"}],"wp:attachment":[{"href":"https:\/\/extratonutri.com.br\/index.php\/wp-json\/wp\/v2\/media?parent=406"}],"wp:term":[{"taxonomy":"product_cat","embeddable":true,"href":"https:\/\/extratonutri.com.br\/index.php\/wp-json\/wp\/v2\/product_cat?post=406"},{"taxonomy":"product_tag","embeddable":true,"href":"https:\/\/extratonutri.com.br\/index.php\/wp-json\/wp\/v2\/product_tag?post=406"}],"curies":[{"name":"wp","href":"https:\/\/api.w.org\/{rel}","templated":true}]}}