{"id":401,"date":"2024-02-03T20:22:58","date_gmt":"2024-02-03T23:22:58","guid":{"rendered":"https:\/\/extratonutri.com.br\/?post_type=product&#038;p=401"},"modified":"2024-12-12T16:09:13","modified_gmt":"2024-12-12T19:09:13","slug":"sabonete-argila-preta-90g-em-barra","status":"publish","type":"product","link":"https:\/\/extratonutri.com.br\/index.php\/product\/sabonete-argila-preta-90g-em-barra\/","title":{"rendered":"Sabonete argila preta 90g em barra"},"content":{"rendered":"<p>O Sabonete de argila preta\u00a0\u00e9 um exelente revitalizante e hidratante para a pele.\u00a0Al\u00e9m de estimular a renova\u00e7\u00e3o celular, sendo uma boa op\u00e7\u00e3o para tratamento de estrias e tamb\u00e9m na remo\u00e7\u00e3o de c\u00e9lulas mortas. Aplicar o produto sobre a pele molhada, friccionando suavemente para obter espuma.<\/p>\n<p>As propriedades da argila preta!!<br \/>Por causa de sua\u00a0fun\u00e7\u00e3o anti-inflamat\u00f3ria e detox, a argila preta acelera o processo de desinflama\u00e7\u00e3o e cicatriza\u00e7\u00e3o dos cravinhos do rosto, prevenindo novas infec\u00e7\u00f5es. Al\u00e9m disso, a m\u00e1scara tamb\u00e9m equilibra a oleosidade, que acaba criando os cravos, deixando a pele sequinha e com uma textura lisa e confort\u00e1vel.<\/p>\n","protected":false},"excerpt":{"rendered":"<p>O Sabonete de argila preta\u00a0\u00e9 um exelente revitalizante e hidratante para a pele.\u00a0Al\u00e9m de estimular a renova\u00e7\u00e3o celular, sendo uma boa op\u00e7\u00e3o para tratamento de estrias e tamb\u00e9m na remo\u00e7\u00e3o de c\u00e9lulas mortas. Aplicar o produto sobre a pele molhada, friccionando suavemente para obter espuma. As propriedades da argila preta!!Por causa de sua\u00a0fun\u00e7\u00e3o anti-inflamat\u00f3ria e [&hellip;]<\/p>\n","protected":false},"featured_media":402,"comment_status":"open","ping_status":"closed","template":"","meta":{"om_disable_all_campaigns":false,"_monsterinsights_skip_tracking":false,"_monsterinsights_sitenote_active":false,"_monsterinsights_sitenote_note":"","_monsterinsights_sitenote_category":0,"_uf_show_specific_survey":0,"_uf_disable_surveys":false},"product_cat":[15],"product_tag":[],"aioseo_notices":[],"jetpack_sharing_enabled":true,"_links":{"self":[{"href":"https:\/\/extratonutri.com.br\/index.php\/wp-json\/wp\/v2\/product\/401"}],"collection":[{"href":"https:\/\/extratonutri.com.br\/index.php\/wp-json\/wp\/v2\/product"}],"about":[{"href":"https:\/\/extratonutri.com.br\/index.php\/wp-json\/wp\/v2\/types\/product"}],"replies":[{"embeddable":true,"href":"https:\/\/extratonutri.com.br\/index.php\/wp-json\/wp\/v2\/comments?post=401"}],"wp:featuredmedia":[{"embeddable":true,"href":"https:\/\/extratonutri.com.br\/index.php\/wp-json\/wp\/v2\/media\/402"}],"wp:attachment":[{"href":"https:\/\/extratonutri.com.br\/index.php\/wp-json\/wp\/v2\/media?parent=401"}],"wp:term":[{"taxonomy":"product_cat","embeddable":true,"href":"https:\/\/extratonutri.com.br\/index.php\/wp-json\/wp\/v2\/product_cat?post=401"},{"taxonomy":"product_tag","embeddable":true,"href":"https:\/\/extratonutri.com.br\/index.php\/wp-json\/wp\/v2\/product_tag?post=401"}],"curies":[{"name":"wp","href":"https:\/\/api.w.org\/{rel}","templated":true}]}}