{"id":40,"date":"2024-01-31T16:25:55","date_gmt":"2024-01-31T19:25:55","guid":{"rendered":"https:\/\/extratonutri.com.br\/?post_type=product&#038;p=40"},"modified":"2024-12-18T17:52:04","modified_gmt":"2024-12-18T20:52:04","slug":"hidratante-frutas-vermelhas","status":"publish","type":"product","link":"https:\/\/extratonutri.com.br\/index.php\/product\/hidratante-frutas-vermelhas\/","title":{"rendered":"Hidratante Frutas Vermelhas"},"content":{"rendered":"<p>Creme Hidratante Hydrata Plus Frutas Vermelhas 200g &#8211; Bell Corpus<br \/>O Hidratante Frutas Vermelhas Bell Corpus cont\u00e9m uma combina\u00e7\u00e3o de extratos de frutas vermelhas rico em vitaminas e sais minerais que possuem a\u00e7\u00e3o protetora, combatendo todas as agress\u00f5es que possam alterar equil\u00edbrio da pele durante todo dia<\/p>\n<p>Categoria\u00a0Hidratantes  200g Descri\u00e7\u00e3o CompletaInforma\u00e7\u00f5es do Produto COMPOSI\u00c7\u00c3O: Stearic Acid, Aqua, Ceteareth-20, Cetearyl Alcohol, Helianthus annuus (Sunflower) Seed Oil, Macadamia Integrifolia Seed Oil, Tocopheryl Acetate, Glycerin, Methylchloroisothiazolinone\/ Methylisothiazolinone, Olea Europaea (Olive) Fruit Oil, Parfum, Sesamum Indicum (Sesame) Seed Oil, Mineral Oil, Zea Mays (Com) Oil, Morus Nigra Fruit Extract, Fragaria Vesca Fruit Extract, Prunus Cerasus Fruit Extract, Rubus Idaeus Fruit Extract, CI 7742, BHT, Disodium EDTA, Ethylhexyl Methoxycinnamate. MODO DE USAR: Aplicar na regi\u00e3o desejada com movimentos circulares at\u00e9 absor\u00e7\u00e3o total do produto. PRECAU\u00c7\u00d5ES: Manter fora do alcance de crian\u00e7as e animals dom\u00e9sticos. CONSERVA\u00c7\u00c3O: Manter o produto em local seco, fresco e ao abrigo da luz. ADVERTENCIAS: Somente de uso externo Em caso de irrita\u00e7\u00e3o suspender o uso procurar orienta\u00e7\u00e3o m\u00e9dica, se houver contato com os olhos lavar imediatamente com \u00e1gua corrente. Este produto n\u00e3o substitui o uso de filtro solar.<\/p>\n<div>\n<p><\/div>\n","protected":false},"excerpt":{"rendered":"<p>Creme Hidratante Hydrata Plus Frutas Vermelhas 200g &#8211; Bell CorpusO Hidratante Frutas Vermelhas Bell Corpus cont\u00e9m uma combina\u00e7\u00e3o de extratos de frutas vermelhas rico em vitaminas e sais minerais que possuem a\u00e7\u00e3o protetora, combatendo todas as agress\u00f5es que possam alterar equil\u00edbrio da pele durante todo dia Categoria\u00a0Hidratantes 200g Descri\u00e7\u00e3o CompletaInforma\u00e7\u00f5es do Produto COMPOSI\u00c7\u00c3O: Stearic Acid, [&hellip;]<\/p>\n","protected":false},"featured_media":41,"comment_status":"open","ping_status":"closed","template":"","meta":{"om_disable_all_campaigns":false,"_monsterinsights_skip_tracking":false,"_monsterinsights_sitenote_active":false,"_monsterinsights_sitenote_note":"","_monsterinsights_sitenote_category":0,"_uf_show_specific_survey":0,"_uf_disable_surveys":false},"product_cat":[15],"product_tag":[],"aioseo_notices":[],"jetpack_sharing_enabled":true,"_links":{"self":[{"href":"https:\/\/extratonutri.com.br\/index.php\/wp-json\/wp\/v2\/product\/40"}],"collection":[{"href":"https:\/\/extratonutri.com.br\/index.php\/wp-json\/wp\/v2\/product"}],"about":[{"href":"https:\/\/extratonutri.com.br\/index.php\/wp-json\/wp\/v2\/types\/product"}],"replies":[{"embeddable":true,"href":"https:\/\/extratonutri.com.br\/index.php\/wp-json\/wp\/v2\/comments?post=40"}],"wp:featuredmedia":[{"embeddable":true,"href":"https:\/\/extratonutri.com.br\/index.php\/wp-json\/wp\/v2\/media\/41"}],"wp:attachment":[{"href":"https:\/\/extratonutri.com.br\/index.php\/wp-json\/wp\/v2\/media?parent=40"}],"wp:term":[{"taxonomy":"product_cat","embeddable":true,"href":"https:\/\/extratonutri.com.br\/index.php\/wp-json\/wp\/v2\/product_cat?post=40"},{"taxonomy":"product_tag","embeddable":true,"href":"https:\/\/extratonutri.com.br\/index.php\/wp-json\/wp\/v2\/product_tag?post=40"}],"curies":[{"name":"wp","href":"https:\/\/api.w.org\/{rel}","templated":true}]}}