{"id":395,"date":"2024-02-03T20:12:34","date_gmt":"2024-02-03T23:12:34","guid":{"rendered":"https:\/\/extratonutri.com.br\/?post_type=product&#038;p=395"},"modified":"2024-12-12T16:12:15","modified_gmt":"2024-12-12T19:12:15","slug":"sabonete-em-barra-argila-branca-90g","status":"publish","type":"product","link":"https:\/\/extratonutri.com.br\/index.php\/product\/sabonete-em-barra-argila-branca-90g\/","title":{"rendered":"Sabonete argila branca 90g em barra"},"content":{"rendered":"<p>O\u00a0Sabonete 90g de Argila Branca\u00a0\u00e9 rico em propriedades revitalizantes, ajuda a clarear manchas e suavizar imperfei\u00e7\u00f5es. Garante hidrata\u00e7\u00e3o profunda e limpeza que n\u00e3o resseca, sendo perfeita para peles sens\u00edveis e ressecadas. Um produto natural. <\/p>\n<p>\u00c0s propriedades da Argila Branca!!<br \/>Promove a\u00e7\u00f5es de adsorver oleosidade sem desidratar a pele, suavizar, catalisar rea\u00e7\u00f5es metab\u00f3licas do organismo e possui propriedades cicatrizantes. No rosto, pode ser usado no tratamento de manchas, pois possui efeito clareador em peles sens\u00edveis e delicadas, desidratadas, envelhecidas e acneicas.<\/p>\n","protected":false},"excerpt":{"rendered":"<p>O\u00a0Sabonete 90g de Argila Branca\u00a0\u00e9 rico em propriedades revitalizantes, ajuda a clarear manchas e suavizar imperfei\u00e7\u00f5es. Garante hidrata\u00e7\u00e3o profunda e limpeza que n\u00e3o resseca, sendo perfeita para peles sens\u00edveis e ressecadas. Um produto natural. \u00c0s propriedades da Argila Branca!!Promove a\u00e7\u00f5es de adsorver oleosidade sem desidratar a pele, suavizar, catalisar rea\u00e7\u00f5es metab\u00f3licas do organismo e possui [&hellip;]<\/p>\n","protected":false},"featured_media":396,"comment_status":"open","ping_status":"closed","template":"","meta":{"om_disable_all_campaigns":false,"_monsterinsights_skip_tracking":false,"_monsterinsights_sitenote_active":false,"_monsterinsights_sitenote_note":"","_monsterinsights_sitenote_category":0,"_uf_show_specific_survey":0,"_uf_disable_surveys":false},"product_cat":[15],"product_tag":[],"aioseo_notices":[],"jetpack_sharing_enabled":true,"_links":{"self":[{"href":"https:\/\/extratonutri.com.br\/index.php\/wp-json\/wp\/v2\/product\/395"}],"collection":[{"href":"https:\/\/extratonutri.com.br\/index.php\/wp-json\/wp\/v2\/product"}],"about":[{"href":"https:\/\/extratonutri.com.br\/index.php\/wp-json\/wp\/v2\/types\/product"}],"replies":[{"embeddable":true,"href":"https:\/\/extratonutri.com.br\/index.php\/wp-json\/wp\/v2\/comments?post=395"}],"wp:featuredmedia":[{"embeddable":true,"href":"https:\/\/extratonutri.com.br\/index.php\/wp-json\/wp\/v2\/media\/396"}],"wp:attachment":[{"href":"https:\/\/extratonutri.com.br\/index.php\/wp-json\/wp\/v2\/media?parent=395"}],"wp:term":[{"taxonomy":"product_cat","embeddable":true,"href":"https:\/\/extratonutri.com.br\/index.php\/wp-json\/wp\/v2\/product_cat?post=395"},{"taxonomy":"product_tag","embeddable":true,"href":"https:\/\/extratonutri.com.br\/index.php\/wp-json\/wp\/v2\/product_tag?post=395"}],"curies":[{"name":"wp","href":"https:\/\/api.w.org\/{rel}","templated":true}]}}