{"id":389,"date":"2024-02-03T19:54:58","date_gmt":"2024-02-03T22:54:58","guid":{"rendered":"https:\/\/extratonutri.com.br\/?post_type=product&#038;p=389"},"modified":"2024-12-09T17:14:35","modified_gmt":"2024-12-09T20:14:35","slug":"oleo-gold-argan-marroquino-30ml-100-original","status":"publish","type":"product","link":"https:\/\/extratonutri.com.br\/index.php\/product\/oleo-gold-argan-marroquino-30ml-100-original\/","title":{"rendered":"\u00d3leo Argan Marroquino para os cabelos 30ml 100% original"},"content":{"rendered":"<p>\u00d3leo Argan marroquino 30ml produto original. Para os cabelos. <br \/>O \u00f3leo de argan\u00a0hidrata os fios ressecados, absorvendo rapidamente o produto. Somente algumas gotas s\u00e3o suficientes para produzir um resultado hidratante milagroso nas madeixas. Pode ser misturado aos cremes e m\u00e1scaras de nutri\u00e7\u00e3o e hidrata\u00e7\u00e3o para potencializar ainda mais o efeito.<\/p>\n<p>Nos\u00a0cabelos, seus antioxidantes e vitaminas melhoram a elasticidade dos fios, d\u00e3o um brilho luminoso e ajudam a renovar os\u00a0cabelos\u00a0contra danos causados pelo calor, excesso de escova e qu\u00edmica. Controla o \u201cfrizz\u201d, combate pontas duplas e deixa os fios com maciez, brilho e hidrata\u00e7\u00e3o.<\/p>\n","protected":false},"excerpt":{"rendered":"<p>\u00d3leo Argan marroquino 30ml produto original. Para os cabelos. O \u00f3leo de argan\u00a0hidrata os fios ressecados, absorvendo rapidamente o produto. Somente algumas gotas s\u00e3o suficientes para produzir um resultado hidratante milagroso nas madeixas. Pode ser misturado aos cremes e m\u00e1scaras de nutri\u00e7\u00e3o e hidrata\u00e7\u00e3o para potencializar ainda mais o efeito. Nos\u00a0cabelos, seus antioxidantes e vitaminas [&hellip;]<\/p>\n","protected":false},"featured_media":390,"comment_status":"open","ping_status":"closed","template":"","meta":{"om_disable_all_campaigns":false,"_monsterinsights_skip_tracking":false,"_monsterinsights_sitenote_active":false,"_monsterinsights_sitenote_note":"","_monsterinsights_sitenote_category":0,"_uf_show_specific_survey":0,"_uf_disable_surveys":false},"product_cat":[15],"product_tag":[],"aioseo_notices":[],"jetpack_sharing_enabled":true,"_links":{"self":[{"href":"https:\/\/extratonutri.com.br\/index.php\/wp-json\/wp\/v2\/product\/389"}],"collection":[{"href":"https:\/\/extratonutri.com.br\/index.php\/wp-json\/wp\/v2\/product"}],"about":[{"href":"https:\/\/extratonutri.com.br\/index.php\/wp-json\/wp\/v2\/types\/product"}],"replies":[{"embeddable":true,"href":"https:\/\/extratonutri.com.br\/index.php\/wp-json\/wp\/v2\/comments?post=389"}],"wp:featuredmedia":[{"embeddable":true,"href":"https:\/\/extratonutri.com.br\/index.php\/wp-json\/wp\/v2\/media\/390"}],"wp:attachment":[{"href":"https:\/\/extratonutri.com.br\/index.php\/wp-json\/wp\/v2\/media?parent=389"}],"wp:term":[{"taxonomy":"product_cat","embeddable":true,"href":"https:\/\/extratonutri.com.br\/index.php\/wp-json\/wp\/v2\/product_cat?post=389"},{"taxonomy":"product_tag","embeddable":true,"href":"https:\/\/extratonutri.com.br\/index.php\/wp-json\/wp\/v2\/product_tag?post=389"}],"curies":[{"name":"wp","href":"https:\/\/api.w.org\/{rel}","templated":true}]}}