{"id":38,"date":"2024-01-31T16:16:30","date_gmt":"2024-01-31T19:16:30","guid":{"rendered":"https:\/\/extratonutri.com.br\/?post_type=product&#038;p=38"},"modified":"2024-01-31T16:22:34","modified_gmt":"2024-01-31T19:22:34","slug":"kit-capilar-cavalo-de-raca","status":"publish","type":"product","link":"https:\/\/extratonutri.com.br\/index.php\/product\/kit-capilar-cavalo-de-raca\/","title":{"rendered":"Kit capilar cavalo de ra\u00e7a"},"content":{"rendered":"<p>O Kit Cavalo de Ra\u00e7a Bio Instinto foi desenvolvido especialmente para mulheres que desejam ter cabelos mais fortes e saud\u00e1veis sem abrir m\u00e3o das transforma\u00e7\u00f5es qu\u00edmicas. Sua f\u00f3rmula criada com agentes hidratantes juntamente com Biotina hidrata os fios, fortalece e proporciona crescimento saud\u00e1vel aos cabelos.<br \/>INDICA\u00c7\u00d5ES<br \/>Indicado para todos os tipos de cabelos enfraquecidos<br \/>INFORMA\u00c7\u00d5ES<br \/>Somente para uso externo. N\u00e3o aplicar em couro cabeludo irritado ou ferido. Em caso de contato com os olhos, lavar com \u00e1gua corrente em abund\u00e2ncia. Se houver irrita\u00e7\u00e3o, descontinuar o uso e procurar orienta\u00e7\u00e3o m\u00e9dica. Produto n\u00e3o recomendado para uso infantil. Conservar em temperatura ambiente, em local fresco e longe da luz solar. Manter fora do alcance de crian\u00e7as e animais.<\/p>\n","protected":false},"excerpt":{"rendered":"<p>O Kit Cavalo de Ra\u00e7a Bio Instinto foi desenvolvido especialmente para mulheres que desejam ter cabelos mais fortes e saud\u00e1veis sem abrir m\u00e3o das transforma\u00e7\u00f5es qu\u00edmicas. Sua f\u00f3rmula criada com agentes hidratantes juntamente com Biotina hidrata os fios, fortalece e proporciona crescimento saud\u00e1vel aos cabelos.INDICA\u00c7\u00d5ESIndicado para todos os tipos de cabelos enfraquecidosINFORMA\u00c7\u00d5ESSomente para uso externo. [&hellip;]<\/p>\n","protected":false},"featured_media":39,"comment_status":"open","ping_status":"closed","template":"","meta":{"om_disable_all_campaigns":false,"_monsterinsights_skip_tracking":false,"_monsterinsights_sitenote_active":false,"_monsterinsights_sitenote_note":"","_monsterinsights_sitenote_category":0,"_uf_show_specific_survey":0,"_uf_disable_surveys":false},"product_cat":[15],"product_tag":[],"aioseo_notices":[],"jetpack_sharing_enabled":true,"_links":{"self":[{"href":"https:\/\/extratonutri.com.br\/index.php\/wp-json\/wp\/v2\/product\/38"}],"collection":[{"href":"https:\/\/extratonutri.com.br\/index.php\/wp-json\/wp\/v2\/product"}],"about":[{"href":"https:\/\/extratonutri.com.br\/index.php\/wp-json\/wp\/v2\/types\/product"}],"replies":[{"embeddable":true,"href":"https:\/\/extratonutri.com.br\/index.php\/wp-json\/wp\/v2\/comments?post=38"}],"wp:featuredmedia":[{"embeddable":true,"href":"https:\/\/extratonutri.com.br\/index.php\/wp-json\/wp\/v2\/media\/39"}],"wp:attachment":[{"href":"https:\/\/extratonutri.com.br\/index.php\/wp-json\/wp\/v2\/media?parent=38"}],"wp:term":[{"taxonomy":"product_cat","embeddable":true,"href":"https:\/\/extratonutri.com.br\/index.php\/wp-json\/wp\/v2\/product_cat?post=38"},{"taxonomy":"product_tag","embeddable":true,"href":"https:\/\/extratonutri.com.br\/index.php\/wp-json\/wp\/v2\/product_tag?post=38"}],"curies":[{"name":"wp","href":"https:\/\/api.w.org\/{rel}","templated":true}]}}