{"id":368,"date":"2024-02-03T18:27:16","date_gmt":"2024-02-03T21:27:16","guid":{"rendered":"https:\/\/extratonutri.com.br\/?post_type=product&#038;p=368"},"modified":"2024-12-10T22:42:52","modified_gmt":"2024-12-11T01:42:52","slug":"perfume-de-calcinha-fragrancia-morango","status":"publish","type":"product","link":"https:\/\/extratonutri.com.br\/index.php\/product\/perfume-de-calcinha-fragrancia-morango\/","title":{"rendered":"Perfume de calcinha fragr\u00e2ncia chocolate nutela"},"content":{"rendered":"<p>Quando procurar um produto para deixar sua lingerie com aroma delicioso, que far\u00e1 com que sua companhia nunca se esque\u00e7a do seu cheiro, aqui est\u00e1 a oportunidade! Com o Perfume de Calcinha voc\u00ea estar\u00e1 sempre preparada para chamar a aten\u00e7\u00e3o de seu acompanhante. Al\u00e9m de proporcionar \u00e0s suas pe\u00e7as um toque de delicadeza e cuidado, o perfume \u00edntimo permite que suas roupas sempre atraiam quem voc\u00ea deseja.Sem contar que vai deixar suas pe\u00e7as cheio de segundas inten\u00e7\u00f5es.Dessa forma, voc\u00ea pode garantir que sua noite seja marcante e possua um profundo toque sensual, capaz de aromatizar suas pe\u00e7as com ess\u00eancias doces e rom\u00e2nticas.O Perfume de Calcinha \u00e9 ideal para mulheres que buscam manter suas pe\u00e7as \u00edntimas com deliciosos aromas que possam durar por muito mais tempo. Podendo ser aplicado desde suas lingeries mais refinadas, at\u00e9 mesmo em fantasias ou meias-cal\u00e7as, deixando o clima ainda mais excitante e prazeroso.Garanta a sua noite com um saboroso cheirinho que far\u00e1 sua companhia delirar!Higiene elevada, Aroma prolongado, Incrivelmente atraente, Cont\u00e9m:\u00a040ml.Modo de usar:\u00a0Aplicar o produto em pequena quantidade sobre as lingeries! Precau\u00e7\u00f5es:\u00a0Higienize antes e ap\u00f3s o uso,Havendo irrita\u00e7\u00e3o suspenda o uso, Mantenha fora do alcance de crian\u00e7as, N\u00e3o expor a temperatura superior a 50\u00baC.N\u00e3o compartilhe com nenhum outro parceiro, Guardar sempre na embalagem original do produto, Evite les\u00f5es ou um agravamento de patologias existentes, n\u00e3o utilizar esse produto em zonas inflamadas, inchadas ou em pele com lacera\u00e7\u00f5es, N\u00e3o se enquadra na categoria de produtos hipoal\u00e9rgicos ou antibacterianos.<\/p>\n","protected":false},"excerpt":{"rendered":"<p>Quando procurar um produto para deixar sua lingerie com aroma delicioso, que far\u00e1 com que sua companhia nunca se esque\u00e7a do seu cheiro, aqui est\u00e1 a oportunidade! Com o Perfume de Calcinha voc\u00ea estar\u00e1 sempre preparada para chamar a aten\u00e7\u00e3o de seu acompanhante. Al\u00e9m de proporcionar \u00e0s suas pe\u00e7as um toque de delicadeza e cuidado, [&hellip;]<\/p>\n","protected":false},"featured_media":413,"comment_status":"open","ping_status":"closed","template":"","meta":{"om_disable_all_campaigns":false,"_monsterinsights_skip_tracking":false,"_monsterinsights_sitenote_active":false,"_monsterinsights_sitenote_note":"","_monsterinsights_sitenote_category":0,"_uf_show_specific_survey":0,"_uf_disable_surveys":false},"product_cat":[15],"product_tag":[],"aioseo_notices":[],"jetpack_sharing_enabled":true,"_links":{"self":[{"href":"https:\/\/extratonutri.com.br\/index.php\/wp-json\/wp\/v2\/product\/368"}],"collection":[{"href":"https:\/\/extratonutri.com.br\/index.php\/wp-json\/wp\/v2\/product"}],"about":[{"href":"https:\/\/extratonutri.com.br\/index.php\/wp-json\/wp\/v2\/types\/product"}],"replies":[{"embeddable":true,"href":"https:\/\/extratonutri.com.br\/index.php\/wp-json\/wp\/v2\/comments?post=368"}],"wp:featuredmedia":[{"embeddable":true,"href":"https:\/\/extratonutri.com.br\/index.php\/wp-json\/wp\/v2\/media\/413"}],"wp:attachment":[{"href":"https:\/\/extratonutri.com.br\/index.php\/wp-json\/wp\/v2\/media?parent=368"}],"wp:term":[{"taxonomy":"product_cat","embeddable":true,"href":"https:\/\/extratonutri.com.br\/index.php\/wp-json\/wp\/v2\/product_cat?post=368"},{"taxonomy":"product_tag","embeddable":true,"href":"https:\/\/extratonutri.com.br\/index.php\/wp-json\/wp\/v2\/product_tag?post=368"}],"curies":[{"name":"wp","href":"https:\/\/api.w.org\/{rel}","templated":true}]}}