{"id":36,"date":"2024-01-31T16:12:18","date_gmt":"2024-01-31T19:12:18","guid":{"rendered":"https:\/\/extratonutri.com.br\/?post_type=product&#038;p=36"},"modified":"2024-03-19T15:55:27","modified_gmt":"2024-03-19T18:55:27","slug":"kit-capilar-oleo-de-argan","status":"publish","type":"product","link":"https:\/\/extratonutri.com.br\/index.php\/product\/kit-capilar-oleo-de-argan\/","title":{"rendered":"Kit capilar \u00f3leo de Argan"},"content":{"rendered":"<p>Kit \u00d3leo de Argan\u00a0Bio InstintoManter os cabelos com vida e maciez \u00e9 uma tarefa dif\u00edcil e que requer cuidados.Pensando nisso, a Bio Instinto criou um kit exclusivo com o mais puro \u00d3leo de Argan, para manter os cabelos sempre cheios de brilho e sa\u00fade.O \u00d3leo de Argan conhecido tamb\u00e9m como \u201cOuro de Marrocos\u201d, \u00e9 extra\u00eddo do fruto proveniente da Argania spinosa, uma \u00e1rvore origin\u00e1ria de Marrocos.Rico em vitamina E, repara a fibra capilar, recuperando a elasticidade e devolvendo o brilho aos fios.Promove hidrata\u00e7\u00e3o intensa e maciez imediata.Seus cabelos merecem um tratamento com o verdadeiro Ouro de Marrocos!\u00a0 \u00a0\u00a0INDICA\u00c7\u00d5ESPara todos os tipos de cabelosINFORMA\u00c7\u00d5ESSomente para uso externo. N\u00e3o aplicar em couro cabeludo irritado ou ferido. Nunca ingerir. Em caso de contato com os olhos, lavar com \u00e1gua corrente em abund\u00e2ncia. Se houver irrita\u00e7\u00e3o, descontinuar o uso e procurar orienta\u00e7\u00e3o m\u00e9dica. Produto n\u00e3o recomendado para uso infantil. Conservar em temperatura ambiente, em local fresco e longe da luz solar.\u00a0 \u00a0Manter fora do alcance de crian\u00e7as e animais dom\u00e9sticos.MODO DE USOAplique o shampoo nos cabelos \u00famidos massageando o couro cabeludo at\u00e9 formar espuma, enx\u00e1gue em seguida e repita a opera\u00e7\u00e3o.\u00a0 \u00a0Diariamente: ap\u00f3s lavar os cabelos com shampoo aplique o Condicionador em todo o comprimento dos fios, deixe agir por 2 minutos e enx\u00e1gue.\u00a0 \u00a0Semanalmente (Para hidrata\u00e7\u00e3o profunda): ap\u00f3s lavar os cabelos com shampoo aplique a M\u00e1scara mecha por mecha massageando os fios de cima para baixo. Aguarde 15-20 minutos com ou sem fonte de calor e enx\u00e1gue. Caso haja necessidade aplique o condicionador logo ap\u00f3s o enx\u00e1gue da m\u00e1scara para equilibrar o pH dos fios e melhorar a penteabilidade, enx\u00e1gue totalmente.\u00a0 \u00a0Espalhe na palma das m\u00e3os e aplique aos poucos o Creme Para Pentear 10 Benef\u00edcios \u00d3leo de Argan Bio Instinto. N\u00e3o enx\u00e1gue e seque como de costume .\u00a0<\/p>\n","protected":false},"excerpt":{"rendered":"<p>Kit \u00d3leo de Argan\u00a0Bio InstintoManter os cabelos com vida e maciez \u00e9 uma tarefa dif\u00edcil e que requer cuidados.Pensando nisso, a Bio Instinto criou um kit exclusivo com o mais puro \u00d3leo de Argan, para manter os cabelos sempre cheios de brilho e sa\u00fade.O \u00d3leo de Argan conhecido tamb\u00e9m como \u201cOuro de Marrocos\u201d, \u00e9 extra\u00eddo [&hellip;]<\/p>\n","protected":false},"featured_media":37,"comment_status":"open","ping_status":"closed","template":"","meta":{"om_disable_all_campaigns":false,"_monsterinsights_skip_tracking":false,"_monsterinsights_sitenote_active":false,"_monsterinsights_sitenote_note":"","_monsterinsights_sitenote_category":0,"_uf_show_specific_survey":0,"_uf_disable_surveys":false},"product_cat":[15],"product_tag":[],"aioseo_notices":[],"jetpack_sharing_enabled":true,"_links":{"self":[{"href":"https:\/\/extratonutri.com.br\/index.php\/wp-json\/wp\/v2\/product\/36"}],"collection":[{"href":"https:\/\/extratonutri.com.br\/index.php\/wp-json\/wp\/v2\/product"}],"about":[{"href":"https:\/\/extratonutri.com.br\/index.php\/wp-json\/wp\/v2\/types\/product"}],"replies":[{"embeddable":true,"href":"https:\/\/extratonutri.com.br\/index.php\/wp-json\/wp\/v2\/comments?post=36"}],"wp:featuredmedia":[{"embeddable":true,"href":"https:\/\/extratonutri.com.br\/index.php\/wp-json\/wp\/v2\/media\/37"}],"wp:attachment":[{"href":"https:\/\/extratonutri.com.br\/index.php\/wp-json\/wp\/v2\/media?parent=36"}],"wp:term":[{"taxonomy":"product_cat","embeddable":true,"href":"https:\/\/extratonutri.com.br\/index.php\/wp-json\/wp\/v2\/product_cat?post=36"},{"taxonomy":"product_tag","embeddable":true,"href":"https:\/\/extratonutri.com.br\/index.php\/wp-json\/wp\/v2\/product_tag?post=36"}],"curies":[{"name":"wp","href":"https:\/\/api.w.org\/{rel}","templated":true}]}}