{"id":355,"date":"2024-02-02T23:32:49","date_gmt":"2024-02-03T02:32:49","guid":{"rendered":"https:\/\/extratonutri.com.br\/?post_type=product&#038;p=355"},"modified":"2024-10-10T15:26:58","modified_gmt":"2024-10-10T18:26:58","slug":"perfume-feminino-db-denise-bortoletto-amakha-paris-original","status":"publish","type":"product","link":"https:\/\/extratonutri.com.br\/index.php\/product\/perfume-feminino-db-denise-bortoletto-amakha-paris-original\/","title":{"rendered":"Perfume feminino DB Denise bortoletto amakha Paris original"},"content":{"rendered":"<p>LA VIE EST BELLE &#8211; DB AMAKHA<\/p>\n<p>DB Woman 15ml &#8211; Feminino O perfume floral frutal DB trazem notas de groselha preta, jasmim, iris e fava tonka. Sinta a sensa\u00e7\u00e3o deliciosa que essa fragr\u00e2ncia pode te proporcionar. Fam\u00edlia olfativa: Floral Frutal. Notas OlfativasTopo: Groselha Preta e Pera.Corpo: \u00cdris, Jasmim e Flor de Laranjeira. Fundo: Pralin\u00ea, Baunilha, Patchouli ou Oriza e Fava Tonka. Perfil: Comunicativo. Indica\u00e7\u00f5es Esta\u00e7\u00e3o: Primavera. Ocasi\u00e3o: Dia. Atividade: Festa glamourosa. Sensa\u00e7\u00f5es: Integra\u00e7\u00e3o, comunica\u00e7\u00e3o. Itens que voc\u00ea vai receber ao comprar esse produto: 1 perfume DB Woman Amakha de bolso(a) #OnTheGo de 15ml<\/p>\n","protected":false},"excerpt":{"rendered":"<p>LA VIE EST BELLE &#8211; DB AMAKHA DB Woman 15ml &#8211; Feminino O perfume floral frutal DB trazem notas de groselha preta, jasmim, iris e fava tonka. Sinta a sensa\u00e7\u00e3o deliciosa que essa fragr\u00e2ncia pode te proporcionar. Fam\u00edlia olfativa: Floral Frutal. Notas OlfativasTopo: Groselha Preta e Pera.Corpo: \u00cdris, Jasmim e Flor de Laranjeira. Fundo: Pralin\u00ea, [&hellip;]<\/p>\n","protected":false},"featured_media":415,"comment_status":"open","ping_status":"closed","template":"","meta":{"om_disable_all_campaigns":false,"_monsterinsights_skip_tracking":false,"_monsterinsights_sitenote_active":false,"_monsterinsights_sitenote_note":"","_monsterinsights_sitenote_category":0,"_uf_show_specific_survey":0,"_uf_disable_surveys":false},"product_cat":[15],"product_tag":[],"aioseo_notices":[],"jetpack_sharing_enabled":true,"_links":{"self":[{"href":"https:\/\/extratonutri.com.br\/index.php\/wp-json\/wp\/v2\/product\/355"}],"collection":[{"href":"https:\/\/extratonutri.com.br\/index.php\/wp-json\/wp\/v2\/product"}],"about":[{"href":"https:\/\/extratonutri.com.br\/index.php\/wp-json\/wp\/v2\/types\/product"}],"replies":[{"embeddable":true,"href":"https:\/\/extratonutri.com.br\/index.php\/wp-json\/wp\/v2\/comments?post=355"}],"wp:featuredmedia":[{"embeddable":true,"href":"https:\/\/extratonutri.com.br\/index.php\/wp-json\/wp\/v2\/media\/415"}],"wp:attachment":[{"href":"https:\/\/extratonutri.com.br\/index.php\/wp-json\/wp\/v2\/media?parent=355"}],"wp:term":[{"taxonomy":"product_cat","embeddable":true,"href":"https:\/\/extratonutri.com.br\/index.php\/wp-json\/wp\/v2\/product_cat?post=355"},{"taxonomy":"product_tag","embeddable":true,"href":"https:\/\/extratonutri.com.br\/index.php\/wp-json\/wp\/v2\/product_tag?post=355"}],"curies":[{"name":"wp","href":"https:\/\/api.w.org\/{rel}","templated":true}]}}