{"id":351,"date":"2024-02-02T23:09:18","date_gmt":"2024-02-03T02:09:18","guid":{"rendered":"https:\/\/extratonutri.com.br\/?post_type=product&#038;p=351"},"modified":"2024-02-02T23:21:06","modified_gmt":"2024-02-03T02:21:06","slug":"very-good-ch-intense-girl-amakha-perfume-feminino-intense-girl-amakha-paris-original","status":"publish","type":"product","link":"https:\/\/extratonutri.com.br\/index.php\/product\/very-good-ch-intense-girl-amakha-perfume-feminino-intense-girl-amakha-paris-original\/","title":{"rendered":"Very Good CH &#8211; Intense Girl Amakha Perfume feminino intense girl amakha Paris original"},"content":{"rendered":"<p>Intense Girl Woman 15ml &#8211; Feminino\u00a0Um perfume floral frutal extremamente sedutor . Perfeito para a mulher independente e naturalmente sexy. Possui notas de lichia, groselha vermelha, baunilha e rosa vermelha. Fam\u00edlia olfativa:\u00a0Floral Frutal  Notas Olfativas Topo:\u00a0Lichia e Groselha.Corpo:\u00a0Rosa Vermelha. Fundo:\u00a0Baunilha e Vetiver.Perfil:\u00a0Comunicativo. Indica\u00e7\u00f5es Esta\u00e7\u00e3o:\u00a0Primavera.Ocasi\u00e3o:\u00a0Dia. Atividade:\u00a0Festa glamourosa. Sensa\u00e7\u00f5es:\u00a0Integra\u00e7\u00e3o, comunica\u00e7\u00e3o Perfume feminino intense Girl amakha. <\/p>\n","protected":false},"excerpt":{"rendered":"<p>Intense Girl Woman 15ml &#8211; Feminino\u00a0Um perfume floral frutal extremamente sedutor . Perfeito para a mulher independente e naturalmente sexy. Possui notas de lichia, groselha vermelha, baunilha e rosa vermelha. Fam\u00edlia olfativa:\u00a0Floral Frutal Notas Olfativas Topo:\u00a0Lichia e Groselha.Corpo:\u00a0Rosa Vermelha. Fundo:\u00a0Baunilha e Vetiver.Perfil:\u00a0Comunicativo. Indica\u00e7\u00f5es Esta\u00e7\u00e3o:\u00a0Primavera.Ocasi\u00e3o:\u00a0Dia. Atividade:\u00a0Festa glamourosa. Sensa\u00e7\u00f5es:\u00a0Integra\u00e7\u00e3o, comunica\u00e7\u00e3o Perfume feminino intense Girl amakha.<\/p>\n","protected":false},"featured_media":352,"comment_status":"open","ping_status":"closed","template":"","meta":{"om_disable_all_campaigns":false,"_monsterinsights_skip_tracking":false,"_monsterinsights_sitenote_active":false,"_monsterinsights_sitenote_note":"","_monsterinsights_sitenote_category":0,"_uf_show_specific_survey":0,"_uf_disable_surveys":false},"product_cat":[15],"product_tag":[],"aioseo_notices":[],"jetpack_sharing_enabled":true,"_links":{"self":[{"href":"https:\/\/extratonutri.com.br\/index.php\/wp-json\/wp\/v2\/product\/351"}],"collection":[{"href":"https:\/\/extratonutri.com.br\/index.php\/wp-json\/wp\/v2\/product"}],"about":[{"href":"https:\/\/extratonutri.com.br\/index.php\/wp-json\/wp\/v2\/types\/product"}],"replies":[{"embeddable":true,"href":"https:\/\/extratonutri.com.br\/index.php\/wp-json\/wp\/v2\/comments?post=351"}],"wp:featuredmedia":[{"embeddable":true,"href":"https:\/\/extratonutri.com.br\/index.php\/wp-json\/wp\/v2\/media\/352"}],"wp:attachment":[{"href":"https:\/\/extratonutri.com.br\/index.php\/wp-json\/wp\/v2\/media?parent=351"}],"wp:term":[{"taxonomy":"product_cat","embeddable":true,"href":"https:\/\/extratonutri.com.br\/index.php\/wp-json\/wp\/v2\/product_cat?post=351"},{"taxonomy":"product_tag","embeddable":true,"href":"https:\/\/extratonutri.com.br\/index.php\/wp-json\/wp\/v2\/product_tag?post=351"}],"curies":[{"name":"wp","href":"https:\/\/api.w.org\/{rel}","templated":true}]}}