{"id":349,"date":"2024-02-02T23:04:50","date_gmt":"2024-02-03T02:04:50","guid":{"rendered":"https:\/\/extratonutri.com.br\/?post_type=product&#038;p=349"},"modified":"2024-02-02T23:08:38","modified_gmt":"2024-02-03T02:08:38","slug":"perfume-masculino-trust-amakha-paris-original","status":"publish","type":"product","link":"https:\/\/extratonutri.com.br\/index.php\/product\/perfume-masculino-trust-amakha-paris-original\/","title":{"rendered":"Perfume masculino trust amakha Paris original"},"content":{"rendered":"<p>O perfume Trust da Amakha Paris \u00e9 mais do que uma fragr\u00e2ncia. \u00c9 uma declara\u00e7\u00e3o de confian\u00e7a e determina\u00e7\u00e3o. Deixe seu entusiasmo falar mais alto e descubra o fasc\u00ednio de ser voc\u00ea mesmo. Este perfume foi criado para o homem decidido, o homem que vive a vida com paix\u00e3o e determina\u00e7\u00e3o.Inspirado na vida dram\u00e1tica de Napole\u00e3o, o imperador que viveu em tempos de paz, guerra e romance, o Trust celebra a for\u00e7a, a vis\u00e3o e o sucesso. Ingredientes da mais alta qualidade foram cuidadosamente selecionados \u00e0 m\u00e3o para criar esta fragr\u00e2ncia provocante e otimista.Caracter\u00edsticas do Perfume: Categoria: Perfume Masculino Classifica\u00e7\u00e3o: Parfum (33% de ess\u00eancia)Fixa\u00e7\u00e3o: 8 a 12 horas (varia de acordo com o pH da sua pele)Fam\u00edlia olfativa: Amadeirado Chipre Piramide Olfativa: Nota de Sa\u00edda: Abacaxi, bergamota, groselha e ma\u00e7\u00e3Nota de Corpo: Jasmim, patchuli e rosa Nota de Fundo: \u00c2mbar, baunilha, b\u00e9tula, musgo de carvalho e musk Estilo: Sofisticado Para o homem autoconfiante, decidido e seguro, Trust \u00e9 a escolha perfeita. Voc\u00ea supera desafios com agilidade, perspic\u00e1cia e muita classe. Sempre \u00e0 frente das tend\u00eancias, voc\u00ea \u00e9 naturalmente charmoso e orgulhoso de sua apar\u00eancia. Sua personalidade pede fragr\u00e2ncias elegantes e requintadas, que adicionam car\u00e1ter opulento \u00e0s suas experi\u00eancias. Experimente Trust da Amakha Paris e descubra a confian\u00e7a que far\u00e1 voc\u00ea se destacar em qualquer<\/p>\n","protected":false},"excerpt":{"rendered":"<p>O perfume Trust da Amakha Paris \u00e9 mais do que uma fragr\u00e2ncia. \u00c9 uma declara\u00e7\u00e3o de confian\u00e7a e determina\u00e7\u00e3o. Deixe seu entusiasmo falar mais alto e descubra o fasc\u00ednio de ser voc\u00ea mesmo. Este perfume foi criado para o homem decidido, o homem que vive a vida com paix\u00e3o e determina\u00e7\u00e3o.Inspirado na vida dram\u00e1tica de [&hellip;]<\/p>\n","protected":false},"featured_media":350,"comment_status":"open","ping_status":"closed","template":"","meta":{"om_disable_all_campaigns":false,"_monsterinsights_skip_tracking":false,"_monsterinsights_sitenote_active":false,"_monsterinsights_sitenote_note":"","_monsterinsights_sitenote_category":0,"_uf_show_specific_survey":0,"_uf_disable_surveys":false},"product_cat":[15],"product_tag":[],"aioseo_notices":[],"jetpack_sharing_enabled":true,"_links":{"self":[{"href":"https:\/\/extratonutri.com.br\/index.php\/wp-json\/wp\/v2\/product\/349"}],"collection":[{"href":"https:\/\/extratonutri.com.br\/index.php\/wp-json\/wp\/v2\/product"}],"about":[{"href":"https:\/\/extratonutri.com.br\/index.php\/wp-json\/wp\/v2\/types\/product"}],"replies":[{"embeddable":true,"href":"https:\/\/extratonutri.com.br\/index.php\/wp-json\/wp\/v2\/comments?post=349"}],"wp:featuredmedia":[{"embeddable":true,"href":"https:\/\/extratonutri.com.br\/index.php\/wp-json\/wp\/v2\/media\/350"}],"wp:attachment":[{"href":"https:\/\/extratonutri.com.br\/index.php\/wp-json\/wp\/v2\/media?parent=349"}],"wp:term":[{"taxonomy":"product_cat","embeddable":true,"href":"https:\/\/extratonutri.com.br\/index.php\/wp-json\/wp\/v2\/product_cat?post=349"},{"taxonomy":"product_tag","embeddable":true,"href":"https:\/\/extratonutri.com.br\/index.php\/wp-json\/wp\/v2\/product_tag?post=349"}],"curies":[{"name":"wp","href":"https:\/\/api.w.org\/{rel}","templated":true}]}}