{"id":341,"date":"2024-02-02T22:13:21","date_gmt":"2024-02-03T01:13:21","guid":{"rendered":"https:\/\/extratonutri.com.br\/?post_type=product&#038;p=341"},"modified":"2024-12-16T18:19:16","modified_gmt":"2024-12-16T21:19:16","slug":"kit-colageno-acidos-hialuronico-produto-100-original","status":"publish","type":"product","link":"https:\/\/extratonutri.com.br\/index.php\/product\/kit-colageno-acidos-hialuronico-produto-100-original\/","title":{"rendered":"Kit Col\u00e1geno \u00e1cidos hialur\u00f4nico produto 100% original"},"content":{"rendered":"<p>Kit col\u00e1geno \u00e0s c\u00e1psulas da beleza tratamento para tr\u00eas meses. <br \/>A TECNOLOGIA QUE DEVOLVE A BELEZA DA SUA PELE LOGO NAS PRIMEIRAS SEMANAS DE USO! Hidrata\u00e7\u00e3o Intensa Diminui \u201cP\u00e9 de Galinha\u201d e \u201cBigode Chin\u00eas\u201d Devolve a Firmeza e o Brilho \u00e0 sua Pele Deixa sua Pele Macia e Hidratada Sinta-se mais Jovem e Confiante.<br \/> DESENVOLVIDA E RECOMENDADA POR ESPECIALISTAS! A f\u00f3rmula do Hialuroni Caps cont\u00e9m a exclusiva tecnologia PROSIM3D que proporcionam um toque aveludado deixando sua pele mais lisa e revitalizada com uma mega hidrata\u00e7\u00e3o 3D e resultados j\u00e1 nas primeiras semanas de uso. <br \/>\u00c1CIDO HIALUR\u00d4NICO Respons\u00e1vel por preencher os espa\u00e7os que surgem entre a derme e a epiderme, ele garante a hidrata\u00e7\u00e3o e uniformidade \u00e0 pele enquanto suaviza as rugas e marcas de express\u00e3o. <br \/>COL\u00c1GENO HIDROLISADO Encarregado de cuidar da estrutura e firmeza da pele, o col\u00e1geno \u00e9 perfeito para quem deseja manter longe os sinais da idade. BLEND DE VITAMINAS C, E E B6 Combina\u00e7\u00e3o das principais vitaminas para cuidar da sa\u00fade e beleza da pele.VOC\u00ca IR\u00c1 SE SENTIR ORGULHOSA E FELIZ, QUANDO SE OLHAR NO ESPELHO E VER A SUA PELE BONITA, FIRME E LISA COM APAR\u00caNCIA DE ANOS ATR\u00c1S!<\/p>\n<p>O QUE \u00c9 O HIALURONI CAPS? Hialuroni Caps age diretamente na c\u00e9lula da c\u00fatis, proporcionando um tratamento de dentro para fora, sendo 100% absorvido pelo organismo, atuando diretamente na produ\u00e7\u00e3o de col\u00e1geno, proporcionando uma pele firme e livre das rugas. SUAS C\u00c1PS PODEM SER AMARELAS OU BRANCAS, DEPENDE DA DISPONIBILIDADE DE MAT\u00c9RIA PRIMA DO FABRICANTECOMO DEVO UTILIZAR O HIALURONI CAPS? Tudo o que voc\u00ea precisar\u00e1 fazer \u00e9 usar 2 c\u00e1psulas de Hialuroni Caps por dia. O melhor hor\u00e1rio pra tomar \u00e9 a noite, pr\u00f3ximo ao hor\u00e1rio que voc\u00ea dorme, pois \u00e9 durante esse per\u00edodo que nosso organismo se regenera.COMO DEVO UTILIZAR O HIALURONI CAPS? Tudo o que voc\u00ea precisar\u00e1 fazer \u00e9 usar 2 c\u00e1psulas de Hialuroni Caps por dia. O melhor hor\u00e1rio pra tomar \u00e9 a noite, pr\u00f3ximo ao hor\u00e1rio que voc\u00ea dorme, pois \u00e9 durante esse per\u00edodo que nosso organismo se regenera. QUANTO TEMPO PARA HIALURONI CAPS FAZER EFEITO? \u00c9 recomendando o uso por 3 meses consecutivos para obter os melhores resultados. No entanto, h\u00e1 relato de pessoas que j\u00e1 sentem uma boa diferen\u00e7a entre a 2 e 4 semanas.LEMBRANDO QUE \u00c9 UM PRODUTO NATURAL E CADA ORGANISMO TEM UM METABOLISMO DIFERENTE E QUE EM CASO DE ALGUMA DESFUN\u00c7\u00c3O HORMANAL SEUS RESULTADOS PODEM SER REDUZIDOS. HIALURONI TEM ALGUMA CONTRA INDICA\u00c7\u00c3O? N\u00e3o, o produto \u00e9 100% natural. Mas Gestantes e Lactantes s\u00f3 podem consumir o produto atrav\u00e9s de prescri\u00e7\u00e3o m\u00e9dica.  REGISTRO DO MS: ISENTO DE REGISTRO CONFORME RDC 27\/10 E 240\/2018.<\/p>\n","protected":false},"excerpt":{"rendered":"<p>Kit col\u00e1geno \u00e0s c\u00e1psulas da beleza tratamento para tr\u00eas meses. A TECNOLOGIA QUE DEVOLVE A BELEZA DA SUA PELE LOGO NAS PRIMEIRAS SEMANAS DE USO! Hidrata\u00e7\u00e3o Intensa Diminui \u201cP\u00e9 de Galinha\u201d e \u201cBigode Chin\u00eas\u201d Devolve a Firmeza e o Brilho \u00e0 sua Pele Deixa sua Pele Macia e Hidratada Sinta-se mais Jovem e Confiante. DESENVOLVIDA [&hellip;]<\/p>\n","protected":false},"featured_media":342,"comment_status":"open","ping_status":"closed","template":"","meta":{"om_disable_all_campaigns":false,"_monsterinsights_skip_tracking":false,"_monsterinsights_sitenote_active":false,"_monsterinsights_sitenote_note":"","_monsterinsights_sitenote_category":0,"_uf_show_specific_survey":0,"_uf_disable_surveys":false},"product_cat":[15],"product_tag":[],"aioseo_notices":[],"jetpack_sharing_enabled":true,"_links":{"self":[{"href":"https:\/\/extratonutri.com.br\/index.php\/wp-json\/wp\/v2\/product\/341"}],"collection":[{"href":"https:\/\/extratonutri.com.br\/index.php\/wp-json\/wp\/v2\/product"}],"about":[{"href":"https:\/\/extratonutri.com.br\/index.php\/wp-json\/wp\/v2\/types\/product"}],"replies":[{"embeddable":true,"href":"https:\/\/extratonutri.com.br\/index.php\/wp-json\/wp\/v2\/comments?post=341"}],"wp:featuredmedia":[{"embeddable":true,"href":"https:\/\/extratonutri.com.br\/index.php\/wp-json\/wp\/v2\/media\/342"}],"wp:attachment":[{"href":"https:\/\/extratonutri.com.br\/index.php\/wp-json\/wp\/v2\/media?parent=341"}],"wp:term":[{"taxonomy":"product_cat","embeddable":true,"href":"https:\/\/extratonutri.com.br\/index.php\/wp-json\/wp\/v2\/product_cat?post=341"},{"taxonomy":"product_tag","embeddable":true,"href":"https:\/\/extratonutri.com.br\/index.php\/wp-json\/wp\/v2\/product_tag?post=341"}],"curies":[{"name":"wp","href":"https:\/\/api.w.org\/{rel}","templated":true}]}}