{"id":34,"date":"2024-01-31T16:09:13","date_gmt":"2024-01-31T19:09:13","guid":{"rendered":"https:\/\/extratonutri.com.br\/?post_type=product&#038;p=34"},"modified":"2024-03-06T16:54:56","modified_gmt":"2024-03-06T19:54:56","slug":"kit-capilar-chuva-de-verniz","status":"publish","type":"product","link":"https:\/\/extratonutri.com.br\/index.php\/product\/kit-capilar-chuva-de-verniz\/","title":{"rendered":"Kit capilar chuva de verniz"},"content":{"rendered":"<p>KIT CAPILAR CHUVA DE VERNIZ\u00a0&#8211; Toda\u00a0mulher deseja sempre ter seus cabelos bonitos e saud\u00e1veis e para mant\u00ea-los perfeitos e blindados contra a polui\u00e7\u00e3o, desgaste provocado pelo secador, chapinha ou processos qu\u00edmicos, \u00e9 necess\u00e1rio cuidado di\u00e1rio.- A Bio Instinto pensando em todos os tipos de cabelos , criou a linha Banho de Verniz , desenvolvida com alta performance para disciplinar os fios, retirar o frizz, perfumar , dar brilho e prevenir contra o aparecimento de pontas duplas.- O kit \u00e9 composto por 4 produtos ricos em \u00f3leos naturais que agem no interior da fibra capilar recuperando os cabelos danificados , realinhando as cut\u00edculas e aumentando o brilho.\u00a0&#8211; Produto Livre de Parabenos.- Produto livre de Parafina.- Produto final n\u00e3o testado em animais.- Produto livre de Silicone e Corantes.\u00a0Kit Capilar Chuva de Verniz 4 produtos:\u00a0&#8211; SHAMPOO 300 ML\u00a0&#8211; CONDICIONADOR 300 ML\u00a0&#8211; CREME DE PENTEAR 200 ML\u00a0&#8211; M\u00c1SCARA CAPILAR 250 G\u00a0<\/p>\n","protected":false},"excerpt":{"rendered":"<p>KIT CAPILAR CHUVA DE VERNIZ\u00a0&#8211; Toda\u00a0mulher deseja sempre ter seus cabelos bonitos e saud\u00e1veis e para mant\u00ea-los perfeitos e blindados contra a polui\u00e7\u00e3o, desgaste provocado pelo secador, chapinha ou processos qu\u00edmicos, \u00e9 necess\u00e1rio cuidado di\u00e1rio.- A Bio Instinto pensando em todos os tipos de cabelos , criou a linha Banho de Verniz , desenvolvida com [&hellip;]<\/p>\n","protected":false},"featured_media":35,"comment_status":"open","ping_status":"closed","template":"","meta":{"om_disable_all_campaigns":false,"_monsterinsights_skip_tracking":false,"_monsterinsights_sitenote_active":false,"_monsterinsights_sitenote_note":"","_monsterinsights_sitenote_category":0,"_uf_show_specific_survey":0,"_uf_disable_surveys":false},"product_cat":[15],"product_tag":[],"aioseo_notices":[],"jetpack_sharing_enabled":true,"_links":{"self":[{"href":"https:\/\/extratonutri.com.br\/index.php\/wp-json\/wp\/v2\/product\/34"}],"collection":[{"href":"https:\/\/extratonutri.com.br\/index.php\/wp-json\/wp\/v2\/product"}],"about":[{"href":"https:\/\/extratonutri.com.br\/index.php\/wp-json\/wp\/v2\/types\/product"}],"replies":[{"embeddable":true,"href":"https:\/\/extratonutri.com.br\/index.php\/wp-json\/wp\/v2\/comments?post=34"}],"wp:featuredmedia":[{"embeddable":true,"href":"https:\/\/extratonutri.com.br\/index.php\/wp-json\/wp\/v2\/media\/35"}],"wp:attachment":[{"href":"https:\/\/extratonutri.com.br\/index.php\/wp-json\/wp\/v2\/media?parent=34"}],"wp:term":[{"taxonomy":"product_cat","embeddable":true,"href":"https:\/\/extratonutri.com.br\/index.php\/wp-json\/wp\/v2\/product_cat?post=34"},{"taxonomy":"product_tag","embeddable":true,"href":"https:\/\/extratonutri.com.br\/index.php\/wp-json\/wp\/v2\/product_tag?post=34"}],"curies":[{"name":"wp","href":"https:\/\/api.w.org\/{rel}","templated":true}]}}