{"id":32,"date":"2024-01-31T16:05:31","date_gmt":"2024-01-31T19:05:31","guid":{"rendered":"https:\/\/extratonutri.com.br\/?post_type=product&#038;p=32"},"modified":"2024-01-31T16:23:22","modified_gmt":"2024-01-31T19:23:22","slug":"kit-capilar-de-quiabo","status":"publish","type":"product","link":"https:\/\/extratonutri.com.br\/index.php\/product\/kit-capilar-de-quiabo\/","title":{"rendered":"Kit capilar de quiabo"},"content":{"rendered":"<p>O Kit Capilar Quiabo Bio Instinto \u00e9 um produto enriquecido com extrato de Quiabo, que \u00e9 rico em Vitamina A. Este kit \u00e9 capaz de hidratar e umectar os fios de forma eficaz, recuperando at\u00e9 mesmo os cabelos mais danificados e ressecados. O uso di\u00e1rio dos produtos proporciona mais brilho e maciez aos fios. Este kit \u00e9 composto por um shampoo de 300 ML, um condicionador de 300 ML, um creme de pentear de 200 ML e uma m\u00e1scara de 250 ML. Infelizmente, este produto n\u00e3o \u00e9 livre de crueldade, nem \u00e9 hipoalerg\u00eanico ou vegano. O Kit Quiabo Mary Life \u00e9 um produto \u00fanico em cada embalagem. Apesar de n\u00e3o ter fragr\u00e2ncia, a linha Kit Quiabo Mary Life promete transformar a sa\u00fade dos seus cabelos.<\/p>\n","protected":false},"excerpt":{"rendered":"<p>O Kit Capilar Quiabo Bio Instinto \u00e9 um produto enriquecido com extrato de Quiabo, que \u00e9 rico em Vitamina A. Este kit \u00e9 capaz de hidratar e umectar os fios de forma eficaz, recuperando at\u00e9 mesmo os cabelos mais danificados e ressecados. O uso di\u00e1rio dos produtos proporciona mais brilho e maciez aos fios. Este [&hellip;]<\/p>\n","protected":false},"featured_media":33,"comment_status":"open","ping_status":"closed","template":"","meta":{"om_disable_all_campaigns":false,"_monsterinsights_skip_tracking":false,"_monsterinsights_sitenote_active":false,"_monsterinsights_sitenote_note":"","_monsterinsights_sitenote_category":0,"_uf_show_specific_survey":0,"_uf_disable_surveys":false},"product_cat":[15],"product_tag":[],"aioseo_notices":[],"jetpack_sharing_enabled":true,"_links":{"self":[{"href":"https:\/\/extratonutri.com.br\/index.php\/wp-json\/wp\/v2\/product\/32"}],"collection":[{"href":"https:\/\/extratonutri.com.br\/index.php\/wp-json\/wp\/v2\/product"}],"about":[{"href":"https:\/\/extratonutri.com.br\/index.php\/wp-json\/wp\/v2\/types\/product"}],"replies":[{"embeddable":true,"href":"https:\/\/extratonutri.com.br\/index.php\/wp-json\/wp\/v2\/comments?post=32"}],"wp:featuredmedia":[{"embeddable":true,"href":"https:\/\/extratonutri.com.br\/index.php\/wp-json\/wp\/v2\/media\/33"}],"wp:attachment":[{"href":"https:\/\/extratonutri.com.br\/index.php\/wp-json\/wp\/v2\/media?parent=32"}],"wp:term":[{"taxonomy":"product_cat","embeddable":true,"href":"https:\/\/extratonutri.com.br\/index.php\/wp-json\/wp\/v2\/product_cat?post=32"},{"taxonomy":"product_tag","embeddable":true,"href":"https:\/\/extratonutri.com.br\/index.php\/wp-json\/wp\/v2\/product_tag?post=32"}],"curies":[{"name":"wp","href":"https:\/\/api.w.org\/{rel}","templated":true}]}}