{"id":276,"date":"2024-02-01T17:11:35","date_gmt":"2024-02-01T20:11:35","guid":{"rendered":"https:\/\/extratonutri.com.br\/?post_type=product&#038;p=276"},"modified":"2024-04-21T18:10:36","modified_gmt":"2024-04-21T21:10:36","slug":"perfume-feminino-classic-amakha-paris-original","status":"publish","type":"product","link":"https:\/\/extratonutri.com.br\/index.php\/product\/perfume-feminino-classic-amakha-paris-original\/","title":{"rendered":"Perfume feminino Classic amakha Paris original"},"content":{"rendered":"<p>Perfume &#8211; Classic (Ref. Jean Paul Gaultier &#8211; Classique loja.Perfume &#8211; Classic &#8211; Jean Paul Gaultier ClassiqueA fragr\u00e2ncia feminina Classic, inspirado no Jean Paul Gaultier Classique, exibe a mulher provocante que sabe como mexer com a emo\u00e7\u00e3o masculina. \u00c9 sensual, ousada e tem um poder de atra\u00e7\u00e3o muito forte. Charmosa e imprevis\u00edvel, ela seduz e conquista sem muito esfor\u00e7o. Definitivamente uma mulher com um estilo inesquec\u00edvel. As f\u00f3rmulas que mais representam esse estilo est\u00e3o na fam\u00edlia olfativa oriental. As fragr\u00e2ncias s\u00e3o quentes e nada discretas, com acordes picantes, amadeirados, florais, frutais, de baunilha e musk. S\u00e3o perfumes muito marcantes e intensos, que n\u00e3o passam desapercebidos.Tipo: Floral\/Oriental Intensidade: IntensoQuantidade: 15ml.<\/p>\n","protected":false},"excerpt":{"rendered":"<p>Perfume &#8211; Classic (Ref. Jean Paul Gaultier &#8211; Classique loja.Perfume &#8211; Classic &#8211; Jean Paul Gaultier ClassiqueA fragr\u00e2ncia feminina Classic, inspirado no Jean Paul Gaultier Classique, exibe a mulher provocante que sabe como mexer com a emo\u00e7\u00e3o masculina. \u00c9 sensual, ousada e tem um poder de atra\u00e7\u00e3o muito forte. Charmosa e imprevis\u00edvel, ela seduz e [&hellip;]<\/p>\n","protected":false},"featured_media":277,"comment_status":"open","ping_status":"closed","template":"","meta":{"om_disable_all_campaigns":false,"_monsterinsights_skip_tracking":false,"_monsterinsights_sitenote_active":false,"_monsterinsights_sitenote_note":"","_monsterinsights_sitenote_category":0,"_uf_show_specific_survey":0,"_uf_disable_surveys":false},"product_cat":[15],"product_tag":[],"aioseo_notices":[],"jetpack_sharing_enabled":true,"_links":{"self":[{"href":"https:\/\/extratonutri.com.br\/index.php\/wp-json\/wp\/v2\/product\/276"}],"collection":[{"href":"https:\/\/extratonutri.com.br\/index.php\/wp-json\/wp\/v2\/product"}],"about":[{"href":"https:\/\/extratonutri.com.br\/index.php\/wp-json\/wp\/v2\/types\/product"}],"replies":[{"embeddable":true,"href":"https:\/\/extratonutri.com.br\/index.php\/wp-json\/wp\/v2\/comments?post=276"}],"wp:featuredmedia":[{"embeddable":true,"href":"https:\/\/extratonutri.com.br\/index.php\/wp-json\/wp\/v2\/media\/277"}],"wp:attachment":[{"href":"https:\/\/extratonutri.com.br\/index.php\/wp-json\/wp\/v2\/media?parent=276"}],"wp:term":[{"taxonomy":"product_cat","embeddable":true,"href":"https:\/\/extratonutri.com.br\/index.php\/wp-json\/wp\/v2\/product_cat?post=276"},{"taxonomy":"product_tag","embeddable":true,"href":"https:\/\/extratonutri.com.br\/index.php\/wp-json\/wp\/v2\/product_tag?post=276"}],"curies":[{"name":"wp","href":"https:\/\/api.w.org\/{rel}","templated":true}]}}