{"id":270,"date":"2024-02-01T16:58:18","date_gmt":"2024-02-01T19:58:18","guid":{"rendered":"https:\/\/extratonutri.com.br\/?post_type=product&#038;p=270"},"modified":"2024-02-01T18:03:42","modified_gmt":"2024-02-01T21:03:42","slug":"perfume-elegance-light-blue-amakha","status":"publish","type":"product","link":"https:\/\/extratonutri.com.br\/index.php\/product\/perfume-elegance-light-blue-amakha\/","title":{"rendered":"Perfume feminino Elegance light blue amakha"},"content":{"rendered":"<p>Amakha paris original perfumes amakha paris S\u00e3o mais de 100 fragr\u00e2ncias entre masculinas e femininas inspiradas nos perfumes mais desejados do mundo em frascos de 15ml e 100ml com a maior concentra\u00e7\u00e3o de ess\u00eancia do mercado.Os perfumes de 15ml e 100ml possuem alt\u00edssima concentra\u00e7\u00e3o de ess\u00eancias importadas (33%) que podem fixar de 12 \u00e0 24 horas.fragr\u00e2ncia floral amadeirada, que exibe O frescordo buqu\u00ea floral silvestre E \u00e9 perfeita para A mulher radiante E sensual.<\/p>\n<p>Light Blue \u00e9 um Perfume Dolce &amp; Gabbana feminino deliciosamente marcante. Ideal para mulheres modernas que gostam do estilo de vida elegante e casual. Dolce &amp; Gabbana Light Blue traduz o sol intenso e as noites deslumbrantes revelando toda a sensualidade do Mediterr\u00e2neo.<\/p>\n<p>Notas Olfativas:\u00a0Perfume Light Blue Dolce &amp; Gabbana Elegance Blue Amakha Paris 15ml\u00a0\u00e9 um perfume\u00a0Floral Frutal.\u00a0Topo: ma\u00e7\u00e3 e cedro siciliano. Corpo: bambu, rosa branca e jasmin. Fundo: \u00e2mbar, cedro e alm\u00edscar.Quando usar:\u00a0\u00d3timo para sair com os amigos a qualquer hora, curtir uma balada ou um show.<\/p>\n<div><\/div>\n","protected":false},"excerpt":{"rendered":"<p>Amakha paris original perfumes amakha paris S\u00e3o mais de 100 fragr\u00e2ncias entre masculinas e femininas inspiradas nos perfumes mais desejados do mundo em frascos de 15ml e 100ml com a maior concentra\u00e7\u00e3o de ess\u00eancia do mercado.Os perfumes de 15ml e 100ml possuem alt\u00edssima concentra\u00e7\u00e3o de ess\u00eancias importadas (33%) que podem fixar de 12 \u00e0 24 [&hellip;]<\/p>\n","protected":false},"featured_media":271,"comment_status":"open","ping_status":"closed","template":"","meta":{"om_disable_all_campaigns":false,"_monsterinsights_skip_tracking":false,"_monsterinsights_sitenote_active":false,"_monsterinsights_sitenote_note":"","_monsterinsights_sitenote_category":0,"_uf_show_specific_survey":0,"_uf_disable_surveys":false},"product_cat":[15],"product_tag":[],"aioseo_notices":[],"jetpack_sharing_enabled":true,"_links":{"self":[{"href":"https:\/\/extratonutri.com.br\/index.php\/wp-json\/wp\/v2\/product\/270"}],"collection":[{"href":"https:\/\/extratonutri.com.br\/index.php\/wp-json\/wp\/v2\/product"}],"about":[{"href":"https:\/\/extratonutri.com.br\/index.php\/wp-json\/wp\/v2\/types\/product"}],"replies":[{"embeddable":true,"href":"https:\/\/extratonutri.com.br\/index.php\/wp-json\/wp\/v2\/comments?post=270"}],"wp:featuredmedia":[{"embeddable":true,"href":"https:\/\/extratonutri.com.br\/index.php\/wp-json\/wp\/v2\/media\/271"}],"wp:attachment":[{"href":"https:\/\/extratonutri.com.br\/index.php\/wp-json\/wp\/v2\/media?parent=270"}],"wp:term":[{"taxonomy":"product_cat","embeddable":true,"href":"https:\/\/extratonutri.com.br\/index.php\/wp-json\/wp\/v2\/product_cat?post=270"},{"taxonomy":"product_tag","embeddable":true,"href":"https:\/\/extratonutri.com.br\/index.php\/wp-json\/wp\/v2\/product_tag?post=270"}],"curies":[{"name":"wp","href":"https:\/\/api.w.org\/{rel}","templated":true}]}}