{"id":267,"date":"2024-02-01T16:51:31","date_gmt":"2024-02-01T19:51:31","guid":{"rendered":"https:\/\/extratonutri.com.br\/?post_type=product&#038;p=267"},"modified":"2024-10-10T15:30:13","modified_gmt":"2024-10-10T18:30:13","slug":"perfume-feminino-fantastic-amakha-paris","status":"publish","type":"product","link":"https:\/\/extratonutri.com.br\/index.php\/product\/perfume-feminino-fantastic-amakha-paris\/","title":{"rendered":"Perfume feminino fantastic amakha Paris"},"content":{"rendered":"<p>O perfume feminino amakha original FANTASTIC oferece uma fragr\u00e2ncia intensa com um alto n\u00edvel de concentra\u00e7\u00e3o. Ao contr\u00e1rio dos eau de toilette, \u00e9 recomendado para o inverno e noites intermin\u00e1veis, pois dura muitas horas na pele.<\/p>\n","protected":false},"excerpt":{"rendered":"<p>O perfume feminino amakha original FANTASTIC oferece uma fragr\u00e2ncia intensa com um alto n\u00edvel de concentra\u00e7\u00e3o. Ao contr\u00e1rio dos eau de toilette, \u00e9 recomendado para o inverno e noites intermin\u00e1veis, pois dura muitas horas na pele.<\/p>\n","protected":false},"featured_media":268,"comment_status":"open","ping_status":"closed","template":"","meta":{"om_disable_all_campaigns":false,"_monsterinsights_skip_tracking":false,"_monsterinsights_sitenote_active":false,"_monsterinsights_sitenote_note":"","_monsterinsights_sitenote_category":0,"_uf_show_specific_survey":0,"_uf_disable_surveys":false},"product_cat":[15],"product_tag":[],"aioseo_notices":[],"jetpack_sharing_enabled":true,"_links":{"self":[{"href":"https:\/\/extratonutri.com.br\/index.php\/wp-json\/wp\/v2\/product\/267"}],"collection":[{"href":"https:\/\/extratonutri.com.br\/index.php\/wp-json\/wp\/v2\/product"}],"about":[{"href":"https:\/\/extratonutri.com.br\/index.php\/wp-json\/wp\/v2\/types\/product"}],"replies":[{"embeddable":true,"href":"https:\/\/extratonutri.com.br\/index.php\/wp-json\/wp\/v2\/comments?post=267"}],"wp:featuredmedia":[{"embeddable":true,"href":"https:\/\/extratonutri.com.br\/index.php\/wp-json\/wp\/v2\/media\/268"}],"wp:attachment":[{"href":"https:\/\/extratonutri.com.br\/index.php\/wp-json\/wp\/v2\/media?parent=267"}],"wp:term":[{"taxonomy":"product_cat","embeddable":true,"href":"https:\/\/extratonutri.com.br\/index.php\/wp-json\/wp\/v2\/product_cat?post=267"},{"taxonomy":"product_tag","embeddable":true,"href":"https:\/\/extratonutri.com.br\/index.php\/wp-json\/wp\/v2\/product_tag?post=267"}],"curies":[{"name":"wp","href":"https:\/\/api.w.org\/{rel}","templated":true}]}}