{"id":264,"date":"2024-02-01T16:42:53","date_gmt":"2024-02-01T19:42:53","guid":{"rendered":"https:\/\/extratonutri.com.br\/?post_type=product&#038;p=264"},"modified":"2024-02-01T16:50:09","modified_gmt":"2024-02-01T19:50:09","slug":"perfume-masculino-rb-amakha-original","status":"publish","type":"product","link":"https:\/\/extratonutri.com.br\/index.php\/product\/perfume-masculino-rb-amakha-original\/","title":{"rendered":"Perfume masculino RB amakha original"},"content":{"rendered":"<p>Perfume &#8211; RB Perfume &#8211; RB &#8211; Sauvage A fragr\u00e2ncia masculina RB, inspirada no Sauvage da Dior, \u00e9 um perfume marcante com fragr\u00e2ncia c\u00edtrica arom\u00e1tica especiada, que representa homens fortes, audaciosos e misteriosos. Traduz em aromas as caracter\u00edsticas de um homem seguro, sincero e determinado.Tipo: C\u00edtrico\/Arom\u00e1tico Intensidade: Moderado Quantidade: 15mlBenef\u00edcios:- 33% de concentra\u00e7\u00e3o de ess\u00eancia;- 5x mais fixa\u00e7\u00e3o do que um perfume de frasco maior e convencional;- Fragr\u00e2ncia original e importada da Fran\u00e7a, Alemanha e Estados Unidos;- Formulado com ativos hidratantes e emolientes;- Forma um filme protetor na pele retendo a fragr\u00e2ncia e fixa\u00e7\u00e3o, impedindo a evapora\u00e7\u00e3o;- Feito \u00e0 base de \u00e1lcool de cereais, sem \u00e1gua na f\u00f3rmula;- Embalagem pesa 90% a menos que o frasco de vidro maior;- F\u00e1cil portabilidade e leveza, podendo ser levado na bolsa e mochila para onde quiser;- Fixa\u00e7\u00e3o de at\u00e9 24 horas na pele e 48 horas na roupa.<\/p>\n","protected":false},"excerpt":{"rendered":"<p>Perfume &#8211; RB Perfume &#8211; RB &#8211; Sauvage A fragr\u00e2ncia masculina RB, inspirada no Sauvage da Dior, \u00e9 um perfume marcante com fragr\u00e2ncia c\u00edtrica arom\u00e1tica especiada, que representa homens fortes, audaciosos e misteriosos. Traduz em aromas as caracter\u00edsticas de um homem seguro, sincero e determinado.Tipo: C\u00edtrico\/Arom\u00e1tico Intensidade: Moderado Quantidade: 15mlBenef\u00edcios:- 33% de concentra\u00e7\u00e3o de ess\u00eancia;- [&hellip;]<\/p>\n","protected":false},"featured_media":265,"comment_status":"open","ping_status":"closed","template":"","meta":{"om_disable_all_campaigns":false,"_monsterinsights_skip_tracking":false,"_monsterinsights_sitenote_active":false,"_monsterinsights_sitenote_note":"","_monsterinsights_sitenote_category":0,"_uf_show_specific_survey":0,"_uf_disable_surveys":false},"product_cat":[15],"product_tag":[],"aioseo_notices":[],"jetpack_sharing_enabled":true,"_links":{"self":[{"href":"https:\/\/extratonutri.com.br\/index.php\/wp-json\/wp\/v2\/product\/264"}],"collection":[{"href":"https:\/\/extratonutri.com.br\/index.php\/wp-json\/wp\/v2\/product"}],"about":[{"href":"https:\/\/extratonutri.com.br\/index.php\/wp-json\/wp\/v2\/types\/product"}],"replies":[{"embeddable":true,"href":"https:\/\/extratonutri.com.br\/index.php\/wp-json\/wp\/v2\/comments?post=264"}],"wp:featuredmedia":[{"embeddable":true,"href":"https:\/\/extratonutri.com.br\/index.php\/wp-json\/wp\/v2\/media\/265"}],"wp:attachment":[{"href":"https:\/\/extratonutri.com.br\/index.php\/wp-json\/wp\/v2\/media?parent=264"}],"wp:term":[{"taxonomy":"product_cat","embeddable":true,"href":"https:\/\/extratonutri.com.br\/index.php\/wp-json\/wp\/v2\/product_cat?post=264"},{"taxonomy":"product_tag","embeddable":true,"href":"https:\/\/extratonutri.com.br\/index.php\/wp-json\/wp\/v2\/product_tag?post=264"}],"curies":[{"name":"wp","href":"https:\/\/api.w.org\/{rel}","templated":true}]}}