{"id":256,"date":"2024-02-01T16:29:47","date_gmt":"2024-02-01T19:29:47","guid":{"rendered":"https:\/\/extratonutri.com.br\/?post_type=product&#038;p=256"},"modified":"2024-02-01T18:02:39","modified_gmt":"2024-02-01T21:02:39","slug":"perfume-bad-importado-amakha-paris","status":"publish","type":"product","link":"https:\/\/extratonutri.com.br\/index.php\/product\/perfume-bad-importado-amakha-paris\/","title":{"rendered":"Perfume masculino BAD importado amakha Paris"},"content":{"rendered":"<p>Perfume BAD masculino importado amakha Paris original.<br \/>O\u00a0Perfume Bad Man Amakha Paris\u00a0\u00e9 uma fragr\u00e2ncia\u00a0 que revela um homem jovem, extremamente sedutor e pujante. Bad Man Uma fragr\u00e2ncia moderna e cheia de energia.Para o homem sofisticado e que vive a vida intensamente.<\/p>\n<p>Perfume Bad Man Amakha Paris 15mlO\u00a0Perfume Bad Man Amakha Paris\u00a0\u00e9 uma fragr\u00e2ncia\u00a0 que revela um homem jovem, extremamente sedutor e pujante.Bad Man Uma fragr\u00e2ncia moderna e cheia de energia.Para o homem sofisticado e que vive a vida intensamente. Fam\u00edlia olfativa Bad Man Fam\u00edlia olfativa:\u00a0Ambarado Especiado.Notas OlfativasNotas de topo\u00a0 \u00a0:\u00a0 pimenta branca, pimenta preta e bergamota, Notas de corpo\u00a0:\u00a0 s\u00e1lvia e cedro, Notas de fundo\u00a0: fava tonka, cacau e madeira de \u00e2mbar.Indica\u00e7\u00f5esEsta\u00e7\u00e3o: Outono \/ Inverno.Ocasi\u00e3o: Dia ou noite. Atividade: Reuni\u00e3o de trabalho, passeio descontra\u00eddo. Sensa\u00e7\u00f5es: Sensualidade, afetuosidade.<\/p>\n","protected":false},"excerpt":{"rendered":"<p>Perfume BAD masculino importado amakha Paris original.O\u00a0Perfume Bad Man Amakha Paris\u00a0\u00e9 uma fragr\u00e2ncia\u00a0 que revela um homem jovem, extremamente sedutor e pujante. Bad Man Uma fragr\u00e2ncia moderna e cheia de energia.Para o homem sofisticado e que vive a vida intensamente. Perfume Bad Man Amakha Paris 15mlO\u00a0Perfume Bad Man Amakha Paris\u00a0\u00e9 uma fragr\u00e2ncia\u00a0 que revela um [&hellip;]<\/p>\n","protected":false},"featured_media":257,"comment_status":"open","ping_status":"closed","template":"","meta":{"om_disable_all_campaigns":false,"_monsterinsights_skip_tracking":false,"_monsterinsights_sitenote_active":false,"_monsterinsights_sitenote_note":"","_monsterinsights_sitenote_category":0,"_uf_show_specific_survey":0,"_uf_disable_surveys":false},"product_cat":[15],"product_tag":[],"aioseo_notices":[],"jetpack_sharing_enabled":true,"_links":{"self":[{"href":"https:\/\/extratonutri.com.br\/index.php\/wp-json\/wp\/v2\/product\/256"}],"collection":[{"href":"https:\/\/extratonutri.com.br\/index.php\/wp-json\/wp\/v2\/product"}],"about":[{"href":"https:\/\/extratonutri.com.br\/index.php\/wp-json\/wp\/v2\/types\/product"}],"replies":[{"embeddable":true,"href":"https:\/\/extratonutri.com.br\/index.php\/wp-json\/wp\/v2\/comments?post=256"}],"wp:featuredmedia":[{"embeddable":true,"href":"https:\/\/extratonutri.com.br\/index.php\/wp-json\/wp\/v2\/media\/257"}],"wp:attachment":[{"href":"https:\/\/extratonutri.com.br\/index.php\/wp-json\/wp\/v2\/media?parent=256"}],"wp:term":[{"taxonomy":"product_cat","embeddable":true,"href":"https:\/\/extratonutri.com.br\/index.php\/wp-json\/wp\/v2\/product_cat?post=256"},{"taxonomy":"product_tag","embeddable":true,"href":"https:\/\/extratonutri.com.br\/index.php\/wp-json\/wp\/v2\/product_tag?post=256"}],"curies":[{"name":"wp","href":"https:\/\/api.w.org\/{rel}","templated":true}]}}