{"id":250,"date":"2024-02-01T16:22:43","date_gmt":"2024-02-01T19:22:43","guid":{"rendered":"https:\/\/extratonutri.com.br\/?post_type=product&#038;p=250"},"modified":"2024-02-01T17:40:12","modified_gmt":"2024-02-01T20:40:12","slug":"perfume-feminino-escandalosa-amakha","status":"publish","type":"product","link":"https:\/\/extratonutri.com.br\/index.php\/product\/perfume-feminino-escandalosa-amakha\/","title":{"rendered":"Perfume feminino escandalosa amakha"},"content":{"rendered":"<p>PARFUM COM 15ML O que o perfume Scandal Feminino EDP tem de diferente? O perfume Scandal Jean Paul Gaultier, \u00e9 a fragr\u00e2ncia da mulher livre, forte e sensual. Durante o dia \u00e9 um mel gourmet refrescante que cheira como gard\u00eania e laranja sangu\u00ednea. \u00c0 noite, \u00e9 um mel sensual e sedutor misturado com patchouli. A moderna combina\u00e7\u00e3o das fragr\u00e2ncias exala o lado forte e sensual da mulher Scandal, ideal para ser usado da balada at\u00e9 um encontro rom\u00e2ntico. A embalagem \u00e9 um destaque a parte, o frasco expressa alegria com um par de pernas saltitantes e sensuais, nos remetendo a noite em paris.Por que voc\u00ea vai amar Com fragr\u00e2ncia feminina e sensual, com Scandal Jean Paul Gaultier, voc\u00ea vai chamar aten\u00e7\u00e3o por onde voc\u00ea passar, o seu lado sedutor ser\u00e1 evidenciado de forma Scandal de ser.O FrascoA forma deste\u00a0Scandal\u00a0expressa alegria. Os frascos de\u00a0Gaultier\u00a0eram bustos; agora, s\u00e3o pernas! Este par de pernas nos lembra com que alegria se mergulha em Paris \u00e0 noite.<\/p>\n<div>Perfume feminino escandalosa amakha Paris importado original.<\/p>\n<\/div>\n","protected":false},"excerpt":{"rendered":"<p>PARFUM COM 15ML O que o perfume Scandal Feminino EDP tem de diferente? O perfume Scandal Jean Paul Gaultier, \u00e9 a fragr\u00e2ncia da mulher livre, forte e sensual. Durante o dia \u00e9 um mel gourmet refrescante que cheira como gard\u00eania e laranja sangu\u00ednea. \u00c0 noite, \u00e9 um mel sensual e sedutor misturado com patchouli. A [&hellip;]<\/p>\n","protected":false},"featured_media":251,"comment_status":"open","ping_status":"closed","template":"","meta":{"om_disable_all_campaigns":false,"_monsterinsights_skip_tracking":false,"_monsterinsights_sitenote_active":false,"_monsterinsights_sitenote_note":"","_monsterinsights_sitenote_category":0,"_uf_show_specific_survey":0,"_uf_disable_surveys":false},"product_cat":[15],"product_tag":[],"aioseo_notices":[],"jetpack_sharing_enabled":true,"_links":{"self":[{"href":"https:\/\/extratonutri.com.br\/index.php\/wp-json\/wp\/v2\/product\/250"}],"collection":[{"href":"https:\/\/extratonutri.com.br\/index.php\/wp-json\/wp\/v2\/product"}],"about":[{"href":"https:\/\/extratonutri.com.br\/index.php\/wp-json\/wp\/v2\/types\/product"}],"replies":[{"embeddable":true,"href":"https:\/\/extratonutri.com.br\/index.php\/wp-json\/wp\/v2\/comments?post=250"}],"wp:featuredmedia":[{"embeddable":true,"href":"https:\/\/extratonutri.com.br\/index.php\/wp-json\/wp\/v2\/media\/251"}],"wp:attachment":[{"href":"https:\/\/extratonutri.com.br\/index.php\/wp-json\/wp\/v2\/media?parent=250"}],"wp:term":[{"taxonomy":"product_cat","embeddable":true,"href":"https:\/\/extratonutri.com.br\/index.php\/wp-json\/wp\/v2\/product_cat?post=250"},{"taxonomy":"product_tag","embeddable":true,"href":"https:\/\/extratonutri.com.br\/index.php\/wp-json\/wp\/v2\/product_tag?post=250"}],"curies":[{"name":"wp","href":"https:\/\/api.w.org\/{rel}","templated":true}]}}