{"id":234,"date":"2024-02-01T16:01:14","date_gmt":"2024-02-01T19:01:14","guid":{"rendered":"https:\/\/extratonutri.com.br\/?post_type=product&#038;p=234"},"modified":"2024-09-25T17:06:22","modified_gmt":"2024-09-25T20:06:22","slug":"perfume-feminino-athena-amakha-paris-original","status":"publish","type":"product","link":"https:\/\/extratonutri.com.br\/index.php\/product\/perfume-feminino-athena-amakha-paris-original\/","title":{"rendered":"Perfume feminino Athena amakha Paris original"},"content":{"rendered":"<p>Perfume importado Athena amakha Paris original.<\/p>\n<p>Este perfume leva o nome da deusa da sabedoria, da intelig\u00eancia, da guerra e da justi\u00e7a na mitologia grega. Com uma\u00a0fragr\u00e2ncia floral ambarada, o perfume Athena transmite a for\u00e7a e a sagacidade da mulher.\u00a0Manifeste toda a irrever\u00eancia da presen\u00e7a feminina.<\/p>\n<p>Amakha Paris Woman Parfum Athena &#8211; 15ml Manifeste toda a irrever\u00eancia da presen\u00e7a feminina. Desperte o desejo, fazendo com que ningu\u00e9m resista a essa ic\u00f4nica fragr\u00e2ncia. Este perfume leva o nome da deusa da sabedoria, da intelig\u00eancia, da guerra e da justi\u00e7a na mitologia grega. Com uma fragr\u00e2ncia floral ambarada, o perfume Athena transmite a for\u00e7a e a sagacidade da mulher. Fragr\u00e2ncia:\u00a0Floral Ambarado.<\/p>\n","protected":false},"excerpt":{"rendered":"<p>Perfume importado Athena amakha Paris original. Este perfume leva o nome da deusa da sabedoria, da intelig\u00eancia, da guerra e da justi\u00e7a na mitologia grega. Com uma\u00a0fragr\u00e2ncia floral ambarada, o perfume Athena transmite a for\u00e7a e a sagacidade da mulher.\u00a0Manifeste toda a irrever\u00eancia da presen\u00e7a feminina. Amakha Paris Woman Parfum Athena &#8211; 15ml Manifeste toda [&hellip;]<\/p>\n","protected":false},"featured_media":235,"comment_status":"open","ping_status":"closed","template":"","meta":{"om_disable_all_campaigns":false,"_monsterinsights_skip_tracking":false,"_monsterinsights_sitenote_active":false,"_monsterinsights_sitenote_note":"","_monsterinsights_sitenote_category":0,"_uf_show_specific_survey":0,"_uf_disable_surveys":false},"product_cat":[15],"product_tag":[],"aioseo_notices":[],"jetpack_sharing_enabled":true,"_links":{"self":[{"href":"https:\/\/extratonutri.com.br\/index.php\/wp-json\/wp\/v2\/product\/234"}],"collection":[{"href":"https:\/\/extratonutri.com.br\/index.php\/wp-json\/wp\/v2\/product"}],"about":[{"href":"https:\/\/extratonutri.com.br\/index.php\/wp-json\/wp\/v2\/types\/product"}],"replies":[{"embeddable":true,"href":"https:\/\/extratonutri.com.br\/index.php\/wp-json\/wp\/v2\/comments?post=234"}],"wp:featuredmedia":[{"embeddable":true,"href":"https:\/\/extratonutri.com.br\/index.php\/wp-json\/wp\/v2\/media\/235"}],"wp:attachment":[{"href":"https:\/\/extratonutri.com.br\/index.php\/wp-json\/wp\/v2\/media?parent=234"}],"wp:term":[{"taxonomy":"product_cat","embeddable":true,"href":"https:\/\/extratonutri.com.br\/index.php\/wp-json\/wp\/v2\/product_cat?post=234"},{"taxonomy":"product_tag","embeddable":true,"href":"https:\/\/extratonutri.com.br\/index.php\/wp-json\/wp\/v2\/product_tag?post=234"}],"curies":[{"name":"wp","href":"https:\/\/api.w.org\/{rel}","templated":true}]}}