{"id":219,"date":"2024-02-01T15:41:55","date_gmt":"2024-02-01T18:41:55","guid":{"rendered":"https:\/\/extratonutri.com.br\/?post_type=product&#038;p=219"},"modified":"2024-02-01T15:47:23","modified_gmt":"2024-02-01T18:47:23","slug":"perfumes-masculino-black-fast-car-importados-amakha-paris-original","status":"publish","type":"product","link":"https:\/\/extratonutri.com.br\/index.php\/product\/perfumes-masculino-black-fast-car-importados-amakha-paris-original\/","title":{"rendered":"Perfumes  masculino Black fast car importados amakha Paris original"},"content":{"rendered":"<p>Fam\u00edlia olfativa Fast Car Black\u00a0Amakha paris Fam\u00edlia olfativa: Fougere Ambarado. Notas Olfativas Notas de Topo: Ma\u00e7\u00e3 Vermelha, Ameixa, Lima e Bergamota.Notas de Corpo: Canela, Jasmim, Cardamomo e Rosa. Notas de Fundo:\u00a0Baunilha, \u00c2mbar, Cedro e Alm\u00edscar.Perfil:\u00a0Independente. Indica\u00e7\u00f5esEsta\u00e7\u00e3o: Ver\u00e3o.Ocasi\u00e3o: Dia.Atividade: Reuni\u00e3o de trabalho, passeio descontra\u00eddo.Sensa\u00e7\u00f5es: Confian\u00e7a, esperan\u00e7a.<\/p>\n<div>O Perfume Fast Car Black Amakha Paris \u00e9 uma fragr\u00e2ncia c\u00edtrica amadeirado para homens sensuais e auto confiante que sabem exatamente aonde querem chegar.Seja notado por onde voc\u00ea passar!<\/p>\n<\/div>\n","protected":false},"excerpt":{"rendered":"<p>Fam\u00edlia olfativa Fast Car Black\u00a0Amakha paris Fam\u00edlia olfativa: Fougere Ambarado. Notas Olfativas Notas de Topo: Ma\u00e7\u00e3 Vermelha, Ameixa, Lima e Bergamota.Notas de Corpo: Canela, Jasmim, Cardamomo e Rosa. Notas de Fundo:\u00a0Baunilha, \u00c2mbar, Cedro e Alm\u00edscar.Perfil:\u00a0Independente. Indica\u00e7\u00f5esEsta\u00e7\u00e3o: Ver\u00e3o.Ocasi\u00e3o: Dia.Atividade: Reuni\u00e3o de trabalho, passeio descontra\u00eddo.Sensa\u00e7\u00f5es: Confian\u00e7a, esperan\u00e7a. O Perfume Fast Car Black Amakha Paris \u00e9 uma fragr\u00e2ncia [&hellip;]<\/p>\n","protected":false},"featured_media":220,"comment_status":"open","ping_status":"closed","template":"","meta":{"om_disable_all_campaigns":false,"_monsterinsights_skip_tracking":false,"_monsterinsights_sitenote_active":false,"_monsterinsights_sitenote_note":"","_monsterinsights_sitenote_category":0,"_uf_show_specific_survey":0,"_uf_disable_surveys":false},"product_cat":[15],"product_tag":[],"aioseo_notices":[],"jetpack_sharing_enabled":true,"_links":{"self":[{"href":"https:\/\/extratonutri.com.br\/index.php\/wp-json\/wp\/v2\/product\/219"}],"collection":[{"href":"https:\/\/extratonutri.com.br\/index.php\/wp-json\/wp\/v2\/product"}],"about":[{"href":"https:\/\/extratonutri.com.br\/index.php\/wp-json\/wp\/v2\/types\/product"}],"replies":[{"embeddable":true,"href":"https:\/\/extratonutri.com.br\/index.php\/wp-json\/wp\/v2\/comments?post=219"}],"wp:featuredmedia":[{"embeddable":true,"href":"https:\/\/extratonutri.com.br\/index.php\/wp-json\/wp\/v2\/media\/220"}],"wp:attachment":[{"href":"https:\/\/extratonutri.com.br\/index.php\/wp-json\/wp\/v2\/media?parent=219"}],"wp:term":[{"taxonomy":"product_cat","embeddable":true,"href":"https:\/\/extratonutri.com.br\/index.php\/wp-json\/wp\/v2\/product_cat?post=219"},{"taxonomy":"product_tag","embeddable":true,"href":"https:\/\/extratonutri.com.br\/index.php\/wp-json\/wp\/v2\/product_tag?post=219"}],"curies":[{"name":"wp","href":"https:\/\/api.w.org\/{rel}","templated":true}]}}