{"id":215,"date":"2024-02-01T15:34:23","date_gmt":"2024-02-01T18:34:23","guid":{"rendered":"https:\/\/extratonutri.com.br\/?post_type=product&#038;p=215"},"modified":"2024-02-01T15:41:30","modified_gmt":"2024-02-01T18:41:30","slug":"perfume-feminino-attractive-amakha-paris-original","status":"publish","type":"product","link":"https:\/\/extratonutri.com.br\/index.php\/product\/perfume-feminino-attractive-amakha-paris-original\/","title":{"rendered":"Perfume feminino Attractive amakha Paris original"},"content":{"rendered":"<p>O\u00a0Perfume Attractive Amakha Paris\u00a0\u00e9 uma fragr\u00e2ncia que expressa\u00a0 emo\u00e7\u00e3o,t\u00e3o universal que se transformou na mais suave das fragr\u00e2ncias femininas.Toda a atra\u00e7\u00e3o feminina em apenas um frasco.Transmita toda a sua beleza natural com essa fragr\u00e2ncia floral.<\/p>\n<p>Fam\u00edlia olfativa: Floral. Notas Olfativas Notas de Topo: Jacinto, G\u00e1lbano e Flor de Laranjeira.Notas de Corpo:\u00a0L\u00edrio, Jasmim e Rosa.Notas de Fundo: a Incenso, S\u00e2ndalo, \u00c2mbar e Cedro.Perfil: Comunicativo e am\u00e1vel. Indica\u00e7\u00f5es Esta\u00e7\u00e3o: Inverno \/ Primavera. Ocasi\u00e3o: Dia ou noite. Atividade: Festa glamourosa, encontro amoroso.Sensa\u00e7\u00f5es: Sensualidade, afetuosidade \/ Integra\u00e7\u00e3o, comunica\u00e7\u00e3o.<\/p>\n<p>Marcas mencionadas s\u00e3o similaridades Fam\u00edlia OlfativasO perfume Amakha Paris oferece uma concentra\u00e7\u00e3o de 33% de ess\u00eancia, durando mais de 8 horas na pele e at\u00e9 48 horas nas roupas. \u00c9 leve e f\u00e1cil de transportar, tornando-o perfeito para viagens, trabalho ou qualquer ocasi\u00e3o. A fragr\u00e2ncia \u00e9 feita com mat\u00e9rias primas importados da Europa e dos Estados Unidos, adicionando um toque de sofistica\u00e7\u00e3o ao seu aroma.<\/p>\n","protected":false},"excerpt":{"rendered":"<p>O\u00a0Perfume Attractive Amakha Paris\u00a0\u00e9 uma fragr\u00e2ncia que expressa\u00a0 emo\u00e7\u00e3o,t\u00e3o universal que se transformou na mais suave das fragr\u00e2ncias femininas.Toda a atra\u00e7\u00e3o feminina em apenas um frasco.Transmita toda a sua beleza natural com essa fragr\u00e2ncia floral. Fam\u00edlia olfativa: Floral. Notas Olfativas Notas de Topo: Jacinto, G\u00e1lbano e Flor de Laranjeira.Notas de Corpo:\u00a0L\u00edrio, Jasmim e Rosa.Notas de [&hellip;]<\/p>\n","protected":false},"featured_media":216,"comment_status":"open","ping_status":"closed","template":"","meta":{"om_disable_all_campaigns":false,"_monsterinsights_skip_tracking":false,"_monsterinsights_sitenote_active":false,"_monsterinsights_sitenote_note":"","_monsterinsights_sitenote_category":0,"_uf_show_specific_survey":0,"_uf_disable_surveys":false},"product_cat":[15],"product_tag":[],"aioseo_notices":[],"jetpack_sharing_enabled":true,"_links":{"self":[{"href":"https:\/\/extratonutri.com.br\/index.php\/wp-json\/wp\/v2\/product\/215"}],"collection":[{"href":"https:\/\/extratonutri.com.br\/index.php\/wp-json\/wp\/v2\/product"}],"about":[{"href":"https:\/\/extratonutri.com.br\/index.php\/wp-json\/wp\/v2\/types\/product"}],"replies":[{"embeddable":true,"href":"https:\/\/extratonutri.com.br\/index.php\/wp-json\/wp\/v2\/comments?post=215"}],"wp:featuredmedia":[{"embeddable":true,"href":"https:\/\/extratonutri.com.br\/index.php\/wp-json\/wp\/v2\/media\/216"}],"wp:attachment":[{"href":"https:\/\/extratonutri.com.br\/index.php\/wp-json\/wp\/v2\/media?parent=215"}],"wp:term":[{"taxonomy":"product_cat","embeddable":true,"href":"https:\/\/extratonutri.com.br\/index.php\/wp-json\/wp\/v2\/product_cat?post=215"},{"taxonomy":"product_tag","embeddable":true,"href":"https:\/\/extratonutri.com.br\/index.php\/wp-json\/wp\/v2\/product_tag?post=215"}],"curies":[{"name":"wp","href":"https:\/\/api.w.org\/{rel}","templated":true}]}}