{"id":213,"date":"2024-02-01T15:24:02","date_gmt":"2024-02-01T18:24:02","guid":{"rendered":"https:\/\/extratonutri.com.br\/?post_type=product&#038;p=213"},"modified":"2024-08-08T19:27:35","modified_gmt":"2024-08-08T22:27:35","slug":"sabonete-liquido-menta","status":"publish","type":"product","link":"https:\/\/extratonutri.com.br\/index.php\/product\/sabonete-liquido-menta\/","title":{"rendered":"Sabonete L\u00edquido menta"},"content":{"rendered":"<p>Informa\u00e7\u00f5es do Produto Sabonete L\u00edquido \u00cdntimo Aromas do Brasil Menta 200ml &#8211; Bio Instinto Experimente todo o frescor e uma deliciosa sensa\u00e7\u00e3o p\u00f3s-banho prolongada. Com o sabonete \u00edntimo feminino Menta voc\u00ea se sente muito<\/p>\n","protected":false},"excerpt":{"rendered":"<p>Informa\u00e7\u00f5es do Produto Sabonete L\u00edquido \u00cdntimo Aromas do Brasil Menta 200ml &#8211; Bio Instinto Experimente todo o frescor e uma deliciosa sensa\u00e7\u00e3o p\u00f3s-banho prolongada. Com o sabonete \u00edntimo feminino Menta voc\u00ea se sente muito<\/p>\n","protected":false},"featured_media":195,"comment_status":"open","ping_status":"closed","template":"","meta":{"om_disable_all_campaigns":false,"_monsterinsights_skip_tracking":false,"_monsterinsights_sitenote_active":false,"_monsterinsights_sitenote_note":"","_monsterinsights_sitenote_category":0,"_uf_show_specific_survey":0,"_uf_disable_surveys":false},"product_cat":[15],"product_tag":[],"aioseo_notices":[],"jetpack_sharing_enabled":true,"_links":{"self":[{"href":"https:\/\/extratonutri.com.br\/index.php\/wp-json\/wp\/v2\/product\/213"}],"collection":[{"href":"https:\/\/extratonutri.com.br\/index.php\/wp-json\/wp\/v2\/product"}],"about":[{"href":"https:\/\/extratonutri.com.br\/index.php\/wp-json\/wp\/v2\/types\/product"}],"replies":[{"embeddable":true,"href":"https:\/\/extratonutri.com.br\/index.php\/wp-json\/wp\/v2\/comments?post=213"}],"wp:featuredmedia":[{"embeddable":true,"href":"https:\/\/extratonutri.com.br\/index.php\/wp-json\/wp\/v2\/media\/195"}],"wp:attachment":[{"href":"https:\/\/extratonutri.com.br\/index.php\/wp-json\/wp\/v2\/media?parent=213"}],"wp:term":[{"taxonomy":"product_cat","embeddable":true,"href":"https:\/\/extratonutri.com.br\/index.php\/wp-json\/wp\/v2\/product_cat?post=213"},{"taxonomy":"product_tag","embeddable":true,"href":"https:\/\/extratonutri.com.br\/index.php\/wp-json\/wp\/v2\/product_tag?post=213"}],"curies":[{"name":"wp","href":"https:\/\/api.w.org\/{rel}","templated":true}]}}