{"id":202,"date":"2024-02-01T15:14:35","date_gmt":"2024-02-01T18:14:35","guid":{"rendered":"https:\/\/extratonutri.com.br\/?post_type=product&#038;p=202"},"modified":"2024-12-10T22:38:17","modified_gmt":"2024-12-11T01:38:17","slug":"pomada-fisioforte-para-dores","status":"publish","type":"product","link":"https:\/\/extratonutri.com.br\/index.php\/product\/pomada-fisioforte-para-dores\/","title":{"rendered":"Pomada Massageadora fisioforte para dores"},"content":{"rendered":"<p>A Pomada Massageadora FISIOFORT + Premium Bio Instinto \u00e9 um produto elaborado com extratos vegetais t\u00edpicos da flora brasileira. Sua fun\u00e7\u00e3o \u00e9 dar relaxamento corporal e ajudar no al\u00edvio da sensa\u00e7\u00e3o de cansa\u00e7o corporal ap\u00f3s exerc\u00edcios f\u00edsicos, noites mal dormidas, m\u00e1 postura ou esfor\u00e7o excessivo. A sua f\u00f3rmula possui 0% de Parabenos e 0% de Petrolatum. Benef\u00edcios para as seguintes condi\u00e7\u00f5es: Sensa\u00e7\u00e3o T\u00e9rmica Instant\u00e2nea, Relaxamento Corporal, F\u00f3rmula Concentrada, Aquecimento Prolongado, Artrite, Artrose, Dores na Coluna e Dor nas Articula\u00e7\u00f5es, entre outras. Indica\u00e7\u00f5es: coluna, joelho, tornozelo, costas, perna, t\u00f3rax, abd\u00f4men, ombro, cotovelo, pesco\u00e7o, articula\u00e7\u00e3o.<br \/>Ativos: Arnica ess\u00eancia de terebentina salicilato de metila mentol c\u00e2nfora Mastruz  coca\u00edna. <br \/>Resultado imediato!<\/p>\n","protected":false},"excerpt":{"rendered":"<p>A Pomada Massageadora FISIOFORT + Premium Bio Instinto \u00e9 um produto elaborado com extratos vegetais t\u00edpicos da flora brasileira. Sua fun\u00e7\u00e3o \u00e9 dar relaxamento corporal e ajudar no al\u00edvio da sensa\u00e7\u00e3o de cansa\u00e7o corporal ap\u00f3s exerc\u00edcios f\u00edsicos, noites mal dormidas, m\u00e1 postura ou esfor\u00e7o excessivo. A sua f\u00f3rmula possui 0% de Parabenos e 0% de [&hellip;]<\/p>\n","protected":false},"featured_media":203,"comment_status":"open","ping_status":"closed","template":"","meta":{"om_disable_all_campaigns":false,"_monsterinsights_skip_tracking":false,"_monsterinsights_sitenote_active":false,"_monsterinsights_sitenote_note":"","_monsterinsights_sitenote_category":0,"_uf_show_specific_survey":0,"_uf_disable_surveys":false},"product_cat":[15],"product_tag":[],"aioseo_notices":[],"jetpack_sharing_enabled":true,"_links":{"self":[{"href":"https:\/\/extratonutri.com.br\/index.php\/wp-json\/wp\/v2\/product\/202"}],"collection":[{"href":"https:\/\/extratonutri.com.br\/index.php\/wp-json\/wp\/v2\/product"}],"about":[{"href":"https:\/\/extratonutri.com.br\/index.php\/wp-json\/wp\/v2\/types\/product"}],"replies":[{"embeddable":true,"href":"https:\/\/extratonutri.com.br\/index.php\/wp-json\/wp\/v2\/comments?post=202"}],"wp:featuredmedia":[{"embeddable":true,"href":"https:\/\/extratonutri.com.br\/index.php\/wp-json\/wp\/v2\/media\/203"}],"wp:attachment":[{"href":"https:\/\/extratonutri.com.br\/index.php\/wp-json\/wp\/v2\/media?parent=202"}],"wp:term":[{"taxonomy":"product_cat","embeddable":true,"href":"https:\/\/extratonutri.com.br\/index.php\/wp-json\/wp\/v2\/product_cat?post=202"},{"taxonomy":"product_tag","embeddable":true,"href":"https:\/\/extratonutri.com.br\/index.php\/wp-json\/wp\/v2\/product_tag?post=202"}],"curies":[{"name":"wp","href":"https:\/\/api.w.org\/{rel}","templated":true}]}}