{"id":2,"date":"2024-01-31T15:16:24","date_gmt":"2024-01-31T18:16:24","guid":{"rendered":"http:\/\/extratonutri.com.br\/?page_id=2"},"modified":"2024-02-04T19:40:14","modified_gmt":"2024-02-04T22:40:14","slug":"pagina-exemplo","status":"publish","type":"page","link":"https:\/\/extratonutri.com.br\/index.php\/pagina-exemplo\/","title":{"rendered":"Quem somos n\u00f3s?"},"content":{"rendered":"\n<p>Ol\u00e1! Somos a  extratonutri que trabalha com vendas de cosm\u00e9ticos naturais da beleza e sa\u00fade para oferecer aos nossos clientes os melhores produtos da beleza e sa\u00fade..somos profissionais da sa\u00fade a 14 anos agora em 2024 resolvi a vender pela a loja virtual os nossos produtos f\u00edsicos da beleza e sa\u00fade est\u00e9tica. <\/p>\n\n\n\n<p>extratonutri trabalha para oferecer o melhor atendimento para ajudar os clientes comprar o seus produtos para obter o seu autoestima ao cliente da beleza e sa\u00fade e bem-estar.. na  nossa loja virtual oferecemos produtos profissionais de boa qualidade. A gente agradece!!<\/p>\n","protected":false},"excerpt":{"rendered":"<p>Ol\u00e1! Somos a extratonutri que trabalha com vendas de cosm\u00e9ticos naturais da beleza e sa\u00fade para oferecer aos nossos clientes os melhores produtos da beleza e sa\u00fade..somos profissionais da sa\u00fade a 14 anos agora em 2024 resolvi a vender pela a loja virtual os nossos produtos f\u00edsicos da beleza e sa\u00fade est\u00e9tica. extratonutri trabalha para [&hellip;]<\/p>\n","protected":false},"author":1,"featured_media":0,"parent":0,"menu_order":0,"comment_status":"closed","ping_status":"open","template":"","meta":{"om_disable_all_campaigns":false,"_monsterinsights_skip_tracking":false,"_monsterinsights_sitenote_active":false,"_monsterinsights_sitenote_note":"","_monsterinsights_sitenote_category":0,"_uf_show_specific_survey":0,"_uf_disable_surveys":false,"footnotes":""},"aioseo_notices":[],"jetpack_sharing_enabled":true,"_links":{"self":[{"href":"https:\/\/extratonutri.com.br\/index.php\/wp-json\/wp\/v2\/pages\/2"}],"collection":[{"href":"https:\/\/extratonutri.com.br\/index.php\/wp-json\/wp\/v2\/pages"}],"about":[{"href":"https:\/\/extratonutri.com.br\/index.php\/wp-json\/wp\/v2\/types\/page"}],"author":[{"embeddable":true,"href":"https:\/\/extratonutri.com.br\/index.php\/wp-json\/wp\/v2\/users\/1"}],"replies":[{"embeddable":true,"href":"https:\/\/extratonutri.com.br\/index.php\/wp-json\/wp\/v2\/comments?post=2"}],"version-history":[{"count":4,"href":"https:\/\/extratonutri.com.br\/index.php\/wp-json\/wp\/v2\/pages\/2\/revisions"}],"predecessor-version":[{"id":451,"href":"https:\/\/extratonutri.com.br\/index.php\/wp-json\/wp\/v2\/pages\/2\/revisions\/451"}],"wp:attachment":[{"href":"https:\/\/extratonutri.com.br\/index.php\/wp-json\/wp\/v2\/media?parent=2"}],"curies":[{"name":"wp","href":"https:\/\/api.w.org\/{rel}","templated":true}]}}